{"id":2584,"date":"2026-02-24T13:39:30","date_gmt":"2026-02-24T13:39:30","guid":{"rendered":"https:\/\/bearfit.com.ar\/web\/?page_id=2584"},"modified":"2026-03-20T13:26:58","modified_gmt":"2026-03-20T13:26:58","slug":"politica-de-cambios-y-devoluciones","status":"publish","type":"page","link":"https:\/\/bearfit.com.ar\/web\/politica-de-cambios-y-devoluciones\/","title":{"rendered":"Pol\u00edtica de Cambios y Devoluciones"},"content":{"rendered":"\t\t<div data-elementor-type=\"wp-page\" data-elementor-id=\"2584\" class=\"elementor elementor-2584\">\n\t\t\t\t<div class=\"elementor-element elementor-element-4a00ac0 e-flex e-con-boxed wpr-particle-no wpr-jarallax-no wpr-parallax-no wpr-sticky-section-no wpr-column-slider-no wpr-equal-height-no e-con e-parent\" data-id=\"4a00ac0\" data-element_type=\"container\" data-e-type=\"container\" data-settings=\"{&quot;background_background&quot;:&quot;classic&quot;}\">\n\t\t\t\t\t<div class=\"e-con-inner\">\n\t\t\t\t<div class=\"elementor-element elementor-element-43eeab9 elementor-widget elementor-widget-heading\" data-id=\"43eeab9\" data-element_type=\"widget\" data-e-type=\"widget\" data-widget_type=\"heading.default\">\n\t\t\t\t\t<h2 class=\"elementor-heading-title elementor-size-default\">Pol\u00edtica de cambios y devoluciones<\/h2>\t\t\t\t<\/div>\n\t\t\t\t\t<\/div>\n\t\t\t\t<\/div>\n\t\t<div class=\"elementor-element elementor-element-23c702a e-flex e-con-boxed wpr-particle-no wpr-jarallax-no wpr-parallax-no wpr-sticky-section-no wpr-column-slider-no wpr-equal-height-no e-con e-parent\" data-id=\"23c702a\" data-element_type=\"container\" data-e-type=\"container\">\n\t\t\t\t\t<div class=\"e-con-inner\">\n\t\t\t\t<div class=\"elementor-element elementor-element-f016569 elementor-widget elementor-widget-heading\" data-id=\"f016569\" data-element_type=\"widget\" data-e-type=\"widget\" data-widget_type=\"heading.default\">\n\t\t\t\t\t<h2 class=\"elementor-heading-title elementor-size-default\">Pol\u00edtica de cambios y devoluciones<\/h2>\t\t\t\t<\/div>\n\t\t\t\t<div class=\"elementor-element elementor-element-4054d7f elementor-widget elementor-widget-text-editor\" data-id=\"4054d7f\" data-element_type=\"widget\" data-e-type=\"widget\" data-widget_type=\"text-editor.default\">\n\t\t\t\t\t\t\t\t\t<p>Pol\u00edtica de cambios y devoluciones:<br \/>Las prendas tienen un tiempo de 15 (quince) d\u00edas para realizar el cambio por modelo o por talle.<br \/>En ese caso, el env\u00edo corre por cuenta del cliente (tanto el de la devoluci\u00f3n del pedido como el del cambio que realizaste). Si el cambio es por un desperfecto de la prenda o por equivocaci\u00f3n en el pedido, el env\u00edo corre por cuenta de Bearfit. Trabajamos con Correo Argentino.<\/p><p>En caso de solicitar un cambio, pod\u00e9s hacerlo a trav\u00e9s de nuestro Whatsapp: <a href=\"http:\/\/Este: &#96;https:\/\/wa.me\/541140796819?text=Hola%21%20Quer%C3%ADa%20consultar%20por%20un%20cambio%2Fdevoluci%C3%B3n%20de%20un%20producto.%20%C2%BFMe%20pod%C3%A9s%20indicar%20c%C3%B3mo%20es%20el%20proceso%20y%20qu%C3%A9%20datos%20necesit%C3%A1s%3F%20Gracias.&#96;\" data-wplink-url-error=\"true\">11-4079-6819<\/a> (solo mensajes). El horario de atenci\u00f3n es de 7 a 13 hs.<\/p><p>No realizamos devoluciones de dinero de los pedidos. En caso de solicitar devoluci\u00f3n, pod\u00e9s cambiar tu pedido por otro art\u00edculo de la tienda online.<\/p>\t\t\t\t\t\t\t\t<\/div>\n\t\t\t\t<div class=\"elementor-element elementor-element-6722559 elementor-widget elementor-widget-text-editor\" data-id=\"6722559\" data-element_type=\"widget\" data-e-type=\"widget\" data-widget_type=\"text-editor.default\">\n\t\t\t\t\t\t\t\t\t<p>Pod\u00e9s armar un pedido de prendas deportivas exclusivas para tu Box o Gimnasio<\/p>\t\t\t\t\t\t\t\t<\/div>\n\t\t\t\t<div class=\"elementor-element elementor-element-37cc86a elementor-align-center elementor-widget elementor-widget-button\" data-id=\"37cc86a\" data-element_type=\"widget\" data-e-type=\"widget\" data-widget_type=\"button.default\">\n\t\t\t\t\t\t\t\t\t\t<a class=\"elementor-button elementor-button-link elementor-size-sm\" href=\"https:\/\/bearfit.com.ar\/web\/contacto\/\">\n\t\t\t\t\t\t<span class=\"elementor-button-content-wrapper\">\n\t\t\t\t\t\t\t\t\t<span class=\"elementor-button-text\">CONTACTO<\/span>\n\t\t\t\t\t<\/span>\n\t\t\t\t\t<\/a>\n\t\t\t\t\t\t\t\t<\/div>\n\t\t\t\t\t<\/div>\n\t\t\t\t<\/div>\n\t\t<div class=\"elementor-element elementor-element-086afcc e-flex e-con-boxed wpr-particle-no wpr-jarallax-no wpr-parallax-no wpr-sticky-section-no wpr-column-slider-no wpr-equal-height-no e-con e-parent\" data-id=\"086afcc\" data-element_type=\"container\" data-e-type=\"container\">\n\t\t\t\t\t<div class=\"e-con-inner\">\n\t\t\t\t<div class=\"elementor-element elementor-element-9bbf53a elementor-widget elementor-widget-image\" data-id=\"9bbf53a\" data-element_type=\"widget\" data-e-type=\"widget\" data-widget_type=\"image.default\">\n\t\t\t\t\t\t\t\t\t\t\t\t\t\t\t<img fetchpriority=\"high\" decoding=\"async\" width=\"512\" height=\"512\" src=\"https:\/\/bearfit.com.ar\/web\/wp-content\/uploads\/2025\/12\/cropped-logob-1.png\" class=\"attachment-large size-large wp-image-408\" alt=\"Pol\u00edtica de cambios y devoluciones\" srcset=\"https:\/\/bearfit.com.ar\/web\/wp-content\/uploads\/2025\/12\/cropped-logob-1.png 512w, https:\/\/bearfit.com.ar\/web\/wp-content\/uploads\/2025\/12\/cropped-logob-1-300x300.png 300w, https:\/\/bearfit.com.ar\/web\/wp-content\/uploads\/2025\/12\/cropped-logob-1-150x150.png 150w, https:\/\/bearfit.com.ar\/web\/wp-content\/uploads\/2025\/12\/cropped-logob-1-100x100.png 100w\" sizes=\"(max-width: 512px) 100vw, 512px\" \/>\t\t\t\t\t\t\t\t\t\t\t\t\t\t\t<\/div>\n\t\t\t\t\t<\/div>\n\t\t\t\t<\/div>\n\t\t\t\t<\/div>\n\t\t","protected":false},"excerpt":{"rendered":"<p>Pol\u00edtica de cambios y devoluciones Pol\u00edtica de cambios y devoluciones Pol\u00edtica de cambios y devoluciones:Las prendas tienen un tiempo de 15 (quince) d\u00edas para realizar el cambio por modelo o por talle.En ese caso, el env\u00edo corre por cuenta del cliente (tanto el de la devoluci\u00f3n del pedido como el del cambio que realizaste). Si el cambio es por un desperfecto de la prenda o por equivocaci\u00f3n en el pedido, el env\u00edo corre por cuenta de Bearfit. Trabajamos con Correo Argentino. En caso de solicitar un cambio, pod\u00e9s hacerlo a trav\u00e9s de nuestro Whatsapp: 11-4079-6819 (solo mensajes). El horario de atenci\u00f3n es de 7 a 13 hs. No realizamos devoluciones de dinero de los pedidos. En caso de solicitar devoluci\u00f3n, pod\u00e9s cambiar tu pedido por otro art\u00edculo de la tienda online. Pod\u00e9s armar un pedido de prendas deportivas exclusivas para tu Box o Gimnasio CONTACTO<\/p>\n","protected":false},"author":2,"featured_media":0,"parent":0,"menu_order":0,"comment_status":"closed","ping_status":"closed","template":"","meta":{"site-sidebar-layout":"no-sidebar","site-content-layout":"","ast-site-content-layout":"full-width-container","site-content-style":"default","site-sidebar-style":"default","ast-global-header-display":"","ast-banner-title-visibility":"","ast-main-header-display":"","ast-hfb-above-header-display":"","ast-hfb-below-header-display":"","ast-hfb-mobile-header-display":"","site-post-title":"disabled","ast-breadcrumbs-content":"","ast-featured-img":"disabled","footer-sml-layout":"","ast-disable-related-posts":"","theme-transparent-header-meta":"","adv-header-id-meta":"","stick-header-meta":"","header-above-stick-meta":"","header-main-stick-meta":"","header-below-stick-meta":"","astra-migrate-meta-layouts":"default","ast-page-background-enabled":"default","ast-page-background-meta":{"desktop":{"background-color":"var(--ast-global-color-5)","background-image":"","background-repeat":"repeat","background-position":"center center","background-size":"auto","background-attachment":"scroll","background-type":"","background-media":"","overlay-type":"","overlay-color":"","overlay-opacity":"","overlay-gradient":""},"tablet":{"background-color":"","background-image":"","background-repeat":"repeat","background-position":"center center","background-size":"auto","background-attachment":"scroll","background-type":"","background-media":"","overlay-type":"","overlay-color":"","overlay-opacity":"","overlay-gradient":""},"mobile":{"background-color":"","background-image":"","background-repeat":"repeat","background-position":"center center","background-size":"auto","background-attachment":"scroll","background-type":"","background-media":"","overlay-type":"","overlay-color":"","overlay-opacity":"","overlay-gradient":""}},"ast-content-background-meta":{"desktop":{"background-color":"var(--ast-global-color-4)","background-image":"","background-repeat":"repeat","background-position":"center center","background-size":"auto","background-attachment":"scroll","background-type":"","background-media":"","overlay-type":"","overlay-color":"","overlay-opacity":"","overlay-gradient":""},"tablet":{"background-color":"var(--ast-global-color-4)","background-image":"","background-repeat":"repeat","background-position":"center center","background-size":"auto","background-attachment":"scroll","background-type":"","background-media":"","overlay-type":"","overlay-color":"","overlay-opacity":"","overlay-gradient":""},"mobile":{"background-color":"var(--ast-global-color-4)","background-image":"","background-repeat":"repeat","background-position":"center center","background-size":"auto","background-attachment":"scroll","background-type":"","background-media":"","overlay-type":"","overlay-color":"","overlay-opacity":"","overlay-gradient":""}},"footnotes":""},"class_list":["post-2584","page","type-page","status-publish","hentry"],"yoast_head":"<!-- This site is optimized with the Yoast SEO plugin v27.5 - https:\/\/yoast.com\/product\/yoast-seo-wordpress\/ -->\n<title>Pol\u00edtica de Cambios y Devoluciones -<\/title>\n<meta name=\"description\" content=\"Somos el resultado de a\u00f1os de experiencia en el \u00e1rea textil, dedicandonos al desarrollo de prendas para la pr\u00e1ctica de diversas disciplinas.\" \/>\n<meta name=\"robots\" content=\"index, follow, max-snippet:-1, max-image-preview:large, max-video-preview:-1\" \/>\n<link rel=\"canonical\" href=\"https:\/\/bearfit.com.ar\/web\/politica-de-cambios-y-devoluciones\/\" \/>\n<meta property=\"og:locale\" content=\"es_ES\" \/>\n<meta property=\"og:type\" content=\"article\" \/>\n<meta property=\"og:title\" content=\"Pol\u00edtica de Cambios y Devoluciones -\" \/>\n<meta property=\"og:description\" content=\"Somos el resultado de a\u00f1os de experiencia en el \u00e1rea textil, dedicandonos al desarrollo de prendas para la pr\u00e1ctica de diversas disciplinas.\" \/>\n<meta property=\"og:url\" content=\"https:\/\/bearfit.com.ar\/web\/politica-de-cambios-y-devoluciones\/\" \/>\n<meta property=\"article:publisher\" content=\"https:\/\/www.facebook.com\/bearfit.oficial\" \/>\n<meta property=\"article:modified_time\" content=\"2026-03-20T13:26:58+00:00\" \/>\n<meta property=\"og:image\" content=\"https:\/\/bearfit.com.ar\/web\/wp-content\/uploads\/2025\/12\/cropped-logob-1.png\" \/>\n\t<meta property=\"og:image:width\" content=\"512\" \/>\n\t<meta property=\"og:image:height\" content=\"512\" \/>\n\t<meta property=\"og:image:type\" content=\"image\/png\" \/>\n<meta name=\"twitter:card\" content=\"summary_large_image\" \/>\n<meta name=\"twitter:label1\" content=\"Tiempo de lectura\" \/>\n\t<meta name=\"twitter:data1\" content=\"1 minuto\" \/>\n<script type=\"application\/ld+json\" class=\"yoast-schema-graph\">{\"@context\":\"https:\\\/\\\/schema.org\",\"@graph\":[{\"@type\":\"WebPage\",\"@id\":\"https:\\\/\\\/bearfit.com.ar\\\/web\\\/politica-de-cambios-y-devoluciones\\\/\",\"url\":\"https:\\\/\\\/bearfit.com.ar\\\/web\\\/politica-de-cambios-y-devoluciones\\\/\",\"name\":\"Pol\u00edtica de Cambios y Devoluciones -\",\"isPartOf\":{\"@id\":\"https:\\\/\\\/bearfit.com.ar\\\/web\\\/#website\"},\"primaryImageOfPage\":{\"@id\":\"https:\\\/\\\/bearfit.com.ar\\\/web\\\/politica-de-cambios-y-devoluciones\\\/#primaryimage\"},\"image\":{\"@id\":\"https:\\\/\\\/bearfit.com.ar\\\/web\\\/politica-de-cambios-y-devoluciones\\\/#primaryimage\"},\"thumbnailUrl\":\"https:\\\/\\\/bearfit.com.ar\\\/web\\\/wp-content\\\/uploads\\\/2025\\\/12\\\/cropped-logob-1.png\",\"datePublished\":\"2026-02-24T13:39:30+00:00\",\"dateModified\":\"2026-03-20T13:26:58+00:00\",\"description\":\"Somos el resultado de a\u00f1os de experiencia en el \u00e1rea textil, dedicandonos al desarrollo de prendas para la pr\u00e1ctica de diversas disciplinas.\",\"breadcrumb\":{\"@id\":\"https:\\\/\\\/bearfit.com.ar\\\/web\\\/politica-de-cambios-y-devoluciones\\\/#breadcrumb\"},\"inLanguage\":\"es\",\"potentialAction\":[{\"@type\":\"ReadAction\",\"target\":[\"https:\\\/\\\/bearfit.com.ar\\\/web\\\/politica-de-cambios-y-devoluciones\\\/\"]}]},{\"@type\":\"ImageObject\",\"inLanguage\":\"es\",\"@id\":\"https:\\\/\\\/bearfit.com.ar\\\/web\\\/politica-de-cambios-y-devoluciones\\\/#primaryimage\",\"url\":\"https:\\\/\\\/bearfit.com.ar\\\/web\\\/wp-content\\\/uploads\\\/2025\\\/12\\\/cropped-logob-1.png\",\"contentUrl\":\"https:\\\/\\\/bearfit.com.ar\\\/web\\\/wp-content\\\/uploads\\\/2025\\\/12\\\/cropped-logob-1.png\",\"width\":512,\"height\":512,\"caption\":\"Pol\u00edtica de cambios y devoluciones\"},{\"@type\":\"BreadcrumbList\",\"@id\":\"https:\\\/\\\/bearfit.com.ar\\\/web\\\/politica-de-cambios-y-devoluciones\\\/#breadcrumb\",\"itemListElement\":[{\"@type\":\"ListItem\",\"position\":1,\"name\":\"Portada\",\"item\":\"https:\\\/\\\/bearfit.com.ar\\\/web\\\/\"},{\"@type\":\"ListItem\",\"position\":2,\"name\":\"Pol\u00edtica de Cambios y Devoluciones\"}]},{\"@type\":\"WebSite\",\"@id\":\"https:\\\/\\\/bearfit.com.ar\\\/web\\\/#website\",\"url\":\"https:\\\/\\\/bearfit.com.ar\\\/web\\\/\",\"name\":\"Indumentaria Deportiva\",\"description\":\"Indumentaria Deportiva\",\"publisher\":{\"@id\":\"https:\\\/\\\/bearfit.com.ar\\\/web\\\/#organization\"},\"potentialAction\":[{\"@type\":\"SearchAction\",\"target\":{\"@type\":\"EntryPoint\",\"urlTemplate\":\"https:\\\/\\\/bearfit.com.ar\\\/web\\\/?s={search_term_string}\"},\"query-input\":{\"@type\":\"PropertyValueSpecification\",\"valueRequired\":true,\"valueName\":\"search_term_string\"}}],\"inLanguage\":\"es\"},{\"@type\":\"Organization\",\"@id\":\"https:\\\/\\\/bearfit.com.ar\\\/web\\\/#organization\",\"name\":\"Bearfit\",\"url\":\"https:\\\/\\\/bearfit.com.ar\\\/web\\\/\",\"logo\":{\"@type\":\"ImageObject\",\"inLanguage\":\"es\",\"@id\":\"https:\\\/\\\/bearfit.com.ar\\\/web\\\/#\\\/schema\\\/logo\\\/image\\\/\",\"url\":\"https:\\\/\\\/bearfit.com.ar\\\/web\\\/wp-content\\\/uploads\\\/2025\\\/12\\\/cropped-logo-1.webp\",\"contentUrl\":\"https:\\\/\\\/bearfit.com.ar\\\/web\\\/wp-content\\\/uploads\\\/2025\\\/12\\\/cropped-logo-1.webp\",\"width\":1299,\"height\":161,\"caption\":\"Bearfit\"},\"image\":{\"@id\":\"https:\\\/\\\/bearfit.com.ar\\\/web\\\/#\\\/schema\\\/logo\\\/image\\\/\"},\"sameAs\":[\"https:\\\/\\\/www.facebook.com\\\/bearfit.oficial\",\"https:\\\/\\\/www.instagram.com\\\/_bearfit\\\/\"]}]}<\/script>\n<!-- \/ Yoast SEO plugin. -->","yoast_head_json":{"title":"Pol\u00edtica de Cambios y Devoluciones -","description":"Somos el resultado de a\u00f1os de experiencia en el \u00e1rea textil, dedicandonos al desarrollo de prendas para la pr\u00e1ctica de diversas disciplinas.","robots":{"index":"index","follow":"follow","max-snippet":"max-snippet:-1","max-image-preview":"max-image-preview:large","max-video-preview":"max-video-preview:-1"},"canonical":"https:\/\/bearfit.com.ar\/web\/politica-de-cambios-y-devoluciones\/","og_locale":"es_ES","og_type":"article","og_title":"Pol\u00edtica de Cambios y Devoluciones -","og_description":"Somos el resultado de a\u00f1os de experiencia en el \u00e1rea textil, dedicandonos al desarrollo de prendas para la pr\u00e1ctica de diversas disciplinas.","og_url":"https:\/\/bearfit.com.ar\/web\/politica-de-cambios-y-devoluciones\/","article_publisher":"https:\/\/www.facebook.com\/bearfit.oficial","article_modified_time":"2026-03-20T13:26:58+00:00","og_image":[{"width":512,"height":512,"url":"https:\/\/bearfit.com.ar\/web\/wp-content\/uploads\/2025\/12\/cropped-logob-1.png","type":"image\/png"}],"twitter_card":"summary_large_image","twitter_misc":{"Tiempo de lectura":"1 minuto"},"schema":{"@context":"https:\/\/schema.org","@graph":[{"@type":"WebPage","@id":"https:\/\/bearfit.com.ar\/web\/politica-de-cambios-y-devoluciones\/","url":"https:\/\/bearfit.com.ar\/web\/politica-de-cambios-y-devoluciones\/","name":"Pol\u00edtica de Cambios y Devoluciones -","isPartOf":{"@id":"https:\/\/bearfit.com.ar\/web\/#website"},"primaryImageOfPage":{"@id":"https:\/\/bearfit.com.ar\/web\/politica-de-cambios-y-devoluciones\/#primaryimage"},"image":{"@id":"https:\/\/bearfit.com.ar\/web\/politica-de-cambios-y-devoluciones\/#primaryimage"},"thumbnailUrl":"https:\/\/bearfit.com.ar\/web\/wp-content\/uploads\/2025\/12\/cropped-logob-1.png","datePublished":"2026-02-24T13:39:30+00:00","dateModified":"2026-03-20T13:26:58+00:00","description":"Somos el resultado de a\u00f1os de experiencia en el \u00e1rea textil, dedicandonos al desarrollo de prendas para la pr\u00e1ctica de diversas disciplinas.","breadcrumb":{"@id":"https:\/\/bearfit.com.ar\/web\/politica-de-cambios-y-devoluciones\/#breadcrumb"},"inLanguage":"es","potentialAction":[{"@type":"ReadAction","target":["https:\/\/bearfit.com.ar\/web\/politica-de-cambios-y-devoluciones\/"]}]},{"@type":"ImageObject","inLanguage":"es","@id":"https:\/\/bearfit.com.ar\/web\/politica-de-cambios-y-devoluciones\/#primaryimage","url":"https:\/\/bearfit.com.ar\/web\/wp-content\/uploads\/2025\/12\/cropped-logob-1.png","contentUrl":"https:\/\/bearfit.com.ar\/web\/wp-content\/uploads\/2025\/12\/cropped-logob-1.png","width":512,"height":512,"caption":"Pol\u00edtica de cambios y devoluciones"},{"@type":"BreadcrumbList","@id":"https:\/\/bearfit.com.ar\/web\/politica-de-cambios-y-devoluciones\/#breadcrumb","itemListElement":[{"@type":"ListItem","position":1,"name":"Portada","item":"https:\/\/bearfit.com.ar\/web\/"},{"@type":"ListItem","position":2,"name":"Pol\u00edtica de Cambios y Devoluciones"}]},{"@type":"WebSite","@id":"https:\/\/bearfit.com.ar\/web\/#website","url":"https:\/\/bearfit.com.ar\/web\/","name":"Indumentaria Deportiva","description":"Indumentaria Deportiva","publisher":{"@id":"https:\/\/bearfit.com.ar\/web\/#organization"},"potentialAction":[{"@type":"SearchAction","target":{"@type":"EntryPoint","urlTemplate":"https:\/\/bearfit.com.ar\/web\/?s={search_term_string}"},"query-input":{"@type":"PropertyValueSpecification","valueRequired":true,"valueName":"search_term_string"}}],"inLanguage":"es"},{"@type":"Organization","@id":"https:\/\/bearfit.com.ar\/web\/#organization","name":"Bearfit","url":"https:\/\/bearfit.com.ar\/web\/","logo":{"@type":"ImageObject","inLanguage":"es","@id":"https:\/\/bearfit.com.ar\/web\/#\/schema\/logo\/image\/","url":"https:\/\/bearfit.com.ar\/web\/wp-content\/uploads\/2025\/12\/cropped-logo-1.webp","contentUrl":"https:\/\/bearfit.com.ar\/web\/wp-content\/uploads\/2025\/12\/cropped-logo-1.webp","width":1299,"height":161,"caption":"Bearfit"},"image":{"@id":"https:\/\/bearfit.com.ar\/web\/#\/schema\/logo\/image\/"},"sameAs":["https:\/\/www.facebook.com\/bearfit.oficial","https:\/\/www.instagram.com\/_bearfit\/"]}]}},"_links":{"self":[{"href":"https:\/\/bearfit.com.ar\/web\/wp-json\/wp\/v2\/pages\/2584","targetHints":{"allow":["GET"]}}],"collection":[{"href":"https:\/\/bearfit.com.ar\/web\/wp-json\/wp\/v2\/pages"}],"about":[{"href":"https:\/\/bearfit.com.ar\/web\/wp-json\/wp\/v2\/types\/page"}],"author":[{"embeddable":true,"href":"https:\/\/bearfit.com.ar\/web\/wp-json\/wp\/v2\/users\/2"}],"replies":[{"embeddable":true,"href":"https:\/\/bearfit.com.ar\/web\/wp-json\/wp\/v2\/comments?post=2584"}],"version-history":[{"count":25,"href":"https:\/\/bearfit.com.ar\/web\/wp-json\/wp\/v2\/pages\/2584\/revisions"}],"predecessor-version":[{"id":2889,"href":"https:\/\/bearfit.com.ar\/web\/wp-json\/wp\/v2\/pages\/2584\/revisions\/2889"}],"wp:attachment":[{"href":"https:\/\/bearfit.com.ar\/web\/wp-json\/wp\/v2\/media?parent=2584"}],"curies":[{"name":"wp","href":"https:\/\/api.w.org\/{rel}","templated":true}]}}