{"id":3444,"date":"2026-05-13T16:37:26","date_gmt":"2026-05-13T16:37:26","guid":{"rendered":"https:\/\/bearfit.com.ar\/web\/?page_id=3444"},"modified":"2026-05-13T17:38:44","modified_gmt":"2026-05-13T17:38:44","slug":"blog","status":"publish","type":"page","link":"https:\/\/bearfit.com.ar\/web\/blog\/","title":{"rendered":"Blog de Ropa Deportiva y Fitness"},"content":{"rendered":"\t\t<div data-elementor-type=\"wp-page\" data-elementor-id=\"3444\" class=\"elementor elementor-3444\">\n\t\t\t\t<div class=\"elementor-element elementor-element-4a00ac0 e-flex e-con-boxed wpr-particle-no wpr-jarallax-no wpr-parallax-no wpr-sticky-section-no wpr-column-slider-no wpr-equal-height-no e-con e-parent\" data-id=\"4a00ac0\" data-element_type=\"container\" data-e-type=\"container\" data-settings=\"{&quot;background_background&quot;:&quot;classic&quot;}\">\n\t\t\t\t\t<div class=\"e-con-inner\">\n\t\t\t\t<div class=\"elementor-element elementor-element-43eeab9 elementor-widget elementor-widget-heading\" data-id=\"43eeab9\" data-element_type=\"widget\" data-e-type=\"widget\" data-widget_type=\"heading.default\">\n\t\t\t\t\t<h2 class=\"elementor-heading-title elementor-size-default\">BLOG DE ROPA DEPORTIVA Y FITNESS<\/h2>\t\t\t\t<\/div>\n\t\t\t\t\t<\/div>\n\t\t\t\t<\/div>\n\t\t<div class=\"elementor-element elementor-element-23c702a e-flex e-con-boxed wpr-particle-no wpr-jarallax-no wpr-parallax-no wpr-sticky-section-no wpr-column-slider-no wpr-equal-height-no e-con e-parent\" data-id=\"23c702a\" data-element_type=\"container\" data-e-type=\"container\">\n\t\t\t\t\t<div class=\"e-con-inner\">\n\t\t\t\t<div class=\"elementor-element elementor-element-4054d7f elementor-widget elementor-widget-text-editor\" data-id=\"4054d7f\" data-element_type=\"widget\" data-e-type=\"widget\" data-widget_type=\"text-editor.default\">\n\t\t\t\t\t\t\t\t\t<p>En el blog de BearFit compartimos consejos, tendencias y gu\u00edas sobre ropa deportiva, entrenamiento, fitness y outfits gym. Descubr\u00ed c\u00f3mo elegir la mejor indumentaria para entrenar c\u00f3modo, mejorar tu rendimiento y mantener tu estilo dentro y fuera del gimnasio.<\/p>\t\t\t\t\t\t\t\t<\/div>\n\t\t\t\t\t<\/div>\n\t\t\t\t<\/div>\n\t\t\t\t<section class=\"elementor-section elementor-top-section elementor-element elementor-element-69aa9b070 elementor-section-boxed elementor-section-height-default elementor-section-height-default wpr-particle-no wpr-jarallax-no wpr-parallax-no wpr-sticky-section-no wpr-column-slider-no wpr-equal-height-no\" data-id=\"69aa9b070\" data-element_type=\"section\" data-e-type=\"section\">\n\t\t\t\t\t\t<div class=\"elementor-container elementor-column-gap-default\">\n\t\t\t\t\t<div class=\"elementor-column elementor-col-100 elementor-top-column elementor-element elementor-element-625008ad\" data-id=\"625008ad\" data-element_type=\"column\" data-e-type=\"column\">\n\t\t\t<div class=\"elementor-widget-wrap elementor-element-populated\">\n\t\t\t\t\t\t<div class=\"elementor-element elementor-element-172a2923 wpr-grid-columns-3 wpr-grid-columns--tablet2 wpr-grid-columns--mobile1 wpr-grid-pagination-center wpr-item-styles-inner elementor-widget elementor-widget-wpr-grid\" data-id=\"172a2923\" data-element_type=\"widget\" data-e-type=\"widget\" data-widget_type=\"wpr-grid.default\">\n\t\t\t\t\t<ul class=\"wpr-grid-filters elementor-clearfix wpr-grid-filters-sep-right\"><li class=\" wpr-pointer-none wpr-pointer-line-fx wpr-pointer-fx-none\"><span  data-filter=\"*\" class=\"wpr-grid-filters-item wpr-active-filter \">All Projects<\/span><em class=\"wpr-grid-filters-sep\"><\/em><\/li><li class=\" wpr-pointer-none wpr-pointer-line-fx wpr-pointer-fx-none\"><span   data-ajax-filter=[\"category\",\"moda-fitness\"]  data-filter=\".category-moda-fitness\">Moda Fitness<\/span><em class=\"wpr-grid-filters-sep\"><\/em><\/li><li class=\" wpr-pointer-none wpr-pointer-line-fx wpr-pointer-fx-none wpr-hidden-element\"><span   data-ajax-filter=[\"category\",\"sin-categoria\"]  data-filter=\".category-sin-categoria\">Sin categor\u00eda<\/span><em class=\"wpr-grid-filters-sep\"><\/em><\/li><\/ul><section class=\"wpr-grid elementor-clearfix\" data-settings=\"{&quot;layout&quot;:&quot;fitRows&quot;,&quot;stick_last_element_to_bottom&quot;:&quot;&quot;,&quot;columns_desktop&quot;:&quot;3&quot;,&quot;gutter_hr&quot;:15,&quot;gutter_hr_mobile&quot;:15,&quot;gutter_hr_mobile_extra&quot;:15,&quot;gutter_hr_tablet&quot;:15,&quot;gutter_hr_tablet_extra&quot;:15,&quot;gutter_hr_laptop&quot;:15,&quot;gutter_hr_widescreen&quot;:15,&quot;gutter_vr&quot;:15,&quot;gutter_vr_mobile&quot;:15,&quot;gutter_vr_mobile_extra&quot;:15,&quot;gutter_vr_tablet&quot;:15,&quot;gutter_vr_tablet_extra&quot;:15,&quot;gutter_vr_laptop&quot;:15,&quot;gutter_vr_widescreen&quot;:15,&quot;animation&quot;:&quot;default&quot;,&quot;animation_duration&quot;:0.3,&quot;animation_delay&quot;:0.1,&quot;deeplinking&quot;:&quot;&quot;,&quot;filters_linkable&quot;:&quot;no&quot;,&quot;filters_default_filter&quot;:&quot;&quot;,&quot;filters_count&quot;:&quot;&quot;,&quot;filters_hide_empty&quot;:&quot;yes&quot;,&quot;filters_animation&quot;:&quot;default&quot;,&quot;filters_animation_duration&quot;:0.5,&quot;filters_animation_delay&quot;:0.1,&quot;pagination_type&quot;:&quot;load-more&quot;,&quot;pagination_max_pages&quot;:1,&quot;lightbox&quot;:{&quot;selector&quot;:&quot;.wpr-grid-image-wrap&quot;,&quot;iframeMaxWidth&quot;:&quot;60%&quot;,&quot;hash&quot;:false,&quot;autoplay&quot;:&quot;true&quot;,&quot;pause&quot;:5000,&quot;progressBar&quot;:&quot;true&quot;,&quot;counter&quot;:&quot;true&quot;,&quot;controls&quot;:&quot;true&quot;,&quot;getCaptionFromTitleOrAlt&quot;:&quot;true&quot;,&quot;thumbnail&quot;:&quot;&quot;,&quot;showThumbByDefault&quot;:&quot;&quot;,&quot;share&quot;:&quot;&quot;,&quot;zoom&quot;:&quot;true&quot;,&quot;fullScreen&quot;:&quot;true&quot;,&quot;download&quot;:&quot;true&quot;}}\" data-advanced-filters=\"no\"><article class=\"wpr-grid-item elementor-clearfix post-3462 post type-post status-publish format-standard has-post-thumbnail hentry category-moda-fitness\"><div class=\"wpr-grid-item-inner\"><div class=\"wpr-grid-media-wrap wpr-effect-size-medium \" data-overlay-link=\"yes\"><div class=\"wpr-grid-image-wrap\" data-src=\"https:\/\/bearfit.com.ar\/web\/wp-content\/uploads\/elementor\/thumbs\/que-es-una-calza-biker-y-como-usarla-rnemoat7oyqxbbu8je66yuzo4s1reqdv689tu0thys.jpg\" data-img-on-hover=\"\"  data-src-secondary=\"\"><img decoding=\"async\" data-no-lazy=\"1\" src=\"https:\/\/bearfit.com.ar\/web\/wp-content\/uploads\/elementor\/thumbs\/que-es-una-calza-biker-y-como-usarla-rnemoat7oyqxbbu8je66yuzo4s1reqdv689tu0thys.jpg\" alt=\"Qu\u00e9 es una calza biker y c\u00f3mo usarla\" class=\"wpr-anim-timing-ease-default\"><\/div><div class=\"wpr-grid-media-hover wpr-animation-wrap\"><div class=\"wpr-grid-media-hover-bg  wpr-overlay-fade-in wpr-anim-size-large wpr-anim-timing-ease-default wpr-anim-transparency\" data-url=\"https:\/\/bearfit.com.ar\/web\/que-es-una-calza-biker-y-como-usarla\/\"><\/div><div class=\"wpr-cv-container\"><div class=\"wpr-cv-outer\"><div class=\"wpr-cv-inner\"><div class=\"wpr-grid-media-hover-middle elementor-clearfix\"><div class=\"wpr-grid-item-lightbox elementor-repeater-item-bc6ddf2 wpr-grid-item-display-block wpr-grid-item-align-center wpr-element-fade-in wpr-anim-size-large wpr-anim-timing-ease-default wpr-anim-transparency\"><div class=\"inner-block\"><span data-src=\"https:\/\/bearfit.com.ar\/web\/wp-content\/uploads\/2026\/05\/que-es-una-calza-biker-y-como-usarla.jpg\"><i class=\"fas fa-search\"><\/i><\/span><div class=\"wpr-grid-lightbox-overlay\"><\/div><\/div><\/div><\/div><\/div><\/div><\/div><\/div><\/div><div class=\"wpr-grid-item-below-content elementor-clearfix\"><h2 class=\"wpr-grid-item-title elementor-repeater-item-83c0ab6 wpr-grid-item-display-block wpr-grid-item-align-left wpr-pointer-none wpr-pointer-line-fx wpr-pointer-fx-fade\"><div class=\"inner-block\"><a target=\"_self\"  href=\"https:\/\/bearfit.com.ar\/web\/que-es-una-calza-biker-y-como-usarla\/\">Qu\u00e9 es una calza biker y c\u00f3mo usarla<\/a><\/div><\/h2><div class=\"wpr-grid-item-category elementor-repeater-item-deefd3e wpr-grid-item-display-block wpr-grid-item-align-left wpr-pointer-none wpr-pointer-line-fx wpr-pointer-fx-fade wpr-grid-tax-style-1\"><div class=\"inner-block\"><a class=\" wpr-tax-id-90\" href=\"https:\/\/bearfit.com.ar\/web\/category\/moda-fitness\/\">Moda Fitness<\/a><\/div><\/div><\/div><\/div><\/article><\/section>\t\t\t\t<\/div>\n\t\t\t\t\t<\/div>\n\t\t<\/div>\n\t\t\t\t\t<\/div>\n\t\t<\/section>\n\t\t\t\t<\/div>\n\t\t","protected":false},"excerpt":{"rendered":"<p>BLOG DE ROPA DEPORTIVA Y FITNESS En el blog de BearFit compartimos consejos, tendencias y gu\u00edas sobre ropa deportiva, entrenamiento, fitness y outfits gym. Descubr\u00ed c\u00f3mo elegir la mejor indumentaria para entrenar c\u00f3modo, mejorar tu rendimiento y mantener tu estilo dentro y fuera del gimnasio. All Projects Moda Fitness Sin categor\u00eda Qu\u00e9 es una calza biker y c\u00f3mo usarla Moda Fitness<\/p>\n","protected":false},"author":2,"featured_media":0,"parent":0,"menu_order":0,"comment_status":"closed","ping_status":"closed","template":"","meta":{"site-sidebar-layout":"no-sidebar","site-content-layout":"","ast-site-content-layout":"full-width-container","site-content-style":"default","site-sidebar-style":"default","ast-global-header-display":"","ast-banner-title-visibility":"","ast-main-header-display":"","ast-hfb-above-header-display":"","ast-hfb-below-header-display":"","ast-hfb-mobile-header-display":"","site-post-title":"disabled","ast-breadcrumbs-content":"","ast-featured-img":"disabled","footer-sml-layout":"","ast-disable-related-posts":"","theme-transparent-header-meta":"","adv-header-id-meta":"","stick-header-meta":"","header-above-stick-meta":"","header-main-stick-meta":"","header-below-stick-meta":"","astra-migrate-meta-layouts":"default","ast-page-background-enabled":"default","ast-page-background-meta":{"desktop":{"background-color":"var(--ast-global-color-5)","background-image":"","background-repeat":"repeat","background-position":"center center","background-size":"auto","background-attachment":"scroll","background-type":"","background-media":"","overlay-type":"","overlay-color":"","overlay-opacity":"","overlay-gradient":""},"tablet":{"background-color":"","background-image":"","background-repeat":"repeat","background-position":"center center","background-size":"auto","background-attachment":"scroll","background-type":"","background-media":"","overlay-type":"","overlay-color":"","overlay-opacity":"","overlay-gradient":""},"mobile":{"background-color":"","background-image":"","background-repeat":"repeat","background-position":"center center","background-size":"auto","background-attachment":"scroll","background-type":"","background-media":"","overlay-type":"","overlay-color":"","overlay-opacity":"","overlay-gradient":""}},"ast-content-background-meta":{"desktop":{"background-color":"var(--ast-global-color-4)","background-image":"","background-repeat":"repeat","background-position":"center center","background-size":"auto","background-attachment":"scroll","background-type":"","background-media":"","overlay-type":"","overlay-color":"","overlay-opacity":"","overlay-gradient":""},"tablet":{"background-color":"var(--ast-global-color-4)","background-image":"","background-repeat":"repeat","background-position":"center center","background-size":"auto","background-attachment":"scroll","background-type":"","background-media":"","overlay-type":"","overlay-color":"","overlay-opacity":"","overlay-gradient":""},"mobile":{"background-color":"var(--ast-global-color-4)","background-image":"","background-repeat":"repeat","background-position":"center center","background-size":"auto","background-attachment":"scroll","background-type":"","background-media":"","overlay-type":"","overlay-color":"","overlay-opacity":"","overlay-gradient":""}},"footnotes":""},"class_list":["post-3444","page","type-page","status-publish","hentry"],"yoast_head":"<!-- This site is optimized with the Yoast SEO plugin v27.6 - https:\/\/yoast.com\/product\/yoast-seo-wordpress\/ -->\n<title>Blog de Ropa Deportiva y Fitness -<\/title>\n<meta name=\"description\" content=\"Consejos sobre ropa deportiva, calzas biker, outfits gym, running, CrossFit y tendencias fitness. Gu\u00edas, tips y novedades de moda deportiva.\" \/>\n<meta name=\"robots\" content=\"index, follow, max-snippet:-1, max-image-preview:large, max-video-preview:-1\" \/>\n<link rel=\"canonical\" href=\"https:\/\/bearfit.com.ar\/web\/blog\/\" \/>\n<meta property=\"og:locale\" content=\"es_ES\" \/>\n<meta property=\"og:type\" content=\"article\" \/>\n<meta property=\"og:title\" content=\"Blog de Ropa Deportiva y Fitness -\" \/>\n<meta property=\"og:description\" content=\"Consejos sobre ropa deportiva, calzas biker, outfits gym, running, CrossFit y tendencias fitness. Gu\u00edas, tips y novedades de moda deportiva.\" \/>\n<meta property=\"og:url\" content=\"https:\/\/bearfit.com.ar\/web\/blog\/\" \/>\n<meta property=\"article:publisher\" content=\"https:\/\/www.facebook.com\/bearfit.oficial\" \/>\n<meta property=\"article:modified_time\" content=\"2026-05-13T17:38:44+00:00\" \/>\n<meta property=\"og:image\" content=\"https:\/\/bearfit.com.ar\/web\/wp-content\/uploads\/elementor\/thumbs\/que-es-una-calza-biker-y-como-usarla-rnemoat7oyqxbbu8je66yuzo4s1reqdv689tu0thys.jpg\" \/>\n<meta name=\"twitter:card\" content=\"summary_large_image\" \/>\n<meta name=\"twitter:label1\" content=\"Tiempo de lectura\" \/>\n\t<meta name=\"twitter:data1\" content=\"1 minuto\" \/>\n<script type=\"application\/ld+json\" class=\"yoast-schema-graph\">{\"@context\":\"https:\\\/\\\/schema.org\",\"@graph\":[{\"@type\":\"WebPage\",\"@id\":\"https:\\\/\\\/bearfit.com.ar\\\/web\\\/blog\\\/\",\"url\":\"https:\\\/\\\/bearfit.com.ar\\\/web\\\/blog\\\/\",\"name\":\"Blog de Ropa Deportiva y Fitness -\",\"isPartOf\":{\"@id\":\"https:\\\/\\\/bearfit.com.ar\\\/web\\\/#website\"},\"primaryImageOfPage\":{\"@id\":\"https:\\\/\\\/bearfit.com.ar\\\/web\\\/blog\\\/#primaryimage\"},\"image\":{\"@id\":\"https:\\\/\\\/bearfit.com.ar\\\/web\\\/blog\\\/#primaryimage\"},\"thumbnailUrl\":\"https:\\\/\\\/bearfit.com.ar\\\/web\\\/wp-content\\\/uploads\\\/elementor\\\/thumbs\\\/que-es-una-calza-biker-y-como-usarla-rnemoat7oyqxbbu8je66yuzo4s1reqdv689tu0thys.jpg\",\"datePublished\":\"2026-05-13T16:37:26+00:00\",\"dateModified\":\"2026-05-13T17:38:44+00:00\",\"description\":\"Consejos sobre ropa deportiva, calzas biker, outfits gym, running, CrossFit y tendencias fitness. Gu\u00edas, tips y novedades de moda deportiva.\",\"breadcrumb\":{\"@id\":\"https:\\\/\\\/bearfit.com.ar\\\/web\\\/blog\\\/#breadcrumb\"},\"inLanguage\":\"es\",\"potentialAction\":[{\"@type\":\"ReadAction\",\"target\":[\"https:\\\/\\\/bearfit.com.ar\\\/web\\\/blog\\\/\"]}]},{\"@type\":\"ImageObject\",\"inLanguage\":\"es\",\"@id\":\"https:\\\/\\\/bearfit.com.ar\\\/web\\\/blog\\\/#primaryimage\",\"url\":\"https:\\\/\\\/bearfit.com.ar\\\/web\\\/wp-content\\\/uploads\\\/elementor\\\/thumbs\\\/que-es-una-calza-biker-y-como-usarla-rnemoat7oyqxbbu8je66yuzo4s1reqdv689tu0thys.jpg\",\"contentUrl\":\"https:\\\/\\\/bearfit.com.ar\\\/web\\\/wp-content\\\/uploads\\\/elementor\\\/thumbs\\\/que-es-una-calza-biker-y-como-usarla-rnemoat7oyqxbbu8je66yuzo4s1reqdv689tu0thys.jpg\"},{\"@type\":\"BreadcrumbList\",\"@id\":\"https:\\\/\\\/bearfit.com.ar\\\/web\\\/blog\\\/#breadcrumb\",\"itemListElement\":[{\"@type\":\"ListItem\",\"position\":1,\"name\":\"Portada\",\"item\":\"https:\\\/\\\/bearfit.com.ar\\\/web\\\/\"},{\"@type\":\"ListItem\",\"position\":2,\"name\":\"Blog de Ropa Deportiva y Fitness\"}]},{\"@type\":\"WebSite\",\"@id\":\"https:\\\/\\\/bearfit.com.ar\\\/web\\\/#website\",\"url\":\"https:\\\/\\\/bearfit.com.ar\\\/web\\\/\",\"name\":\"Indumentaria Deportiva\",\"description\":\"Indumentaria Deportiva\",\"publisher\":{\"@id\":\"https:\\\/\\\/bearfit.com.ar\\\/web\\\/#organization\"},\"potentialAction\":[{\"@type\":\"SearchAction\",\"target\":{\"@type\":\"EntryPoint\",\"urlTemplate\":\"https:\\\/\\\/bearfit.com.ar\\\/web\\\/?s={search_term_string}\"},\"query-input\":{\"@type\":\"PropertyValueSpecification\",\"valueRequired\":true,\"valueName\":\"search_term_string\"}}],\"inLanguage\":\"es\"},{\"@type\":\"Organization\",\"@id\":\"https:\\\/\\\/bearfit.com.ar\\\/web\\\/#organization\",\"name\":\"Bearfit\",\"url\":\"https:\\\/\\\/bearfit.com.ar\\\/web\\\/\",\"logo\":{\"@type\":\"ImageObject\",\"inLanguage\":\"es\",\"@id\":\"https:\\\/\\\/bearfit.com.ar\\\/web\\\/#\\\/schema\\\/logo\\\/image\\\/\",\"url\":\"https:\\\/\\\/bearfit.com.ar\\\/web\\\/wp-content\\\/uploads\\\/2025\\\/12\\\/cropped-logo-1.webp\",\"contentUrl\":\"https:\\\/\\\/bearfit.com.ar\\\/web\\\/wp-content\\\/uploads\\\/2025\\\/12\\\/cropped-logo-1.webp\",\"width\":1299,\"height\":161,\"caption\":\"Bearfit\"},\"image\":{\"@id\":\"https:\\\/\\\/bearfit.com.ar\\\/web\\\/#\\\/schema\\\/logo\\\/image\\\/\"},\"sameAs\":[\"https:\\\/\\\/www.facebook.com\\\/bearfit.oficial\",\"https:\\\/\\\/www.instagram.com\\\/_bearfit\\\/\"]}]}<\/script>\n<!-- \/ Yoast SEO plugin. -->","yoast_head_json":{"title":"Blog de Ropa Deportiva y Fitness -","description":"Consejos sobre ropa deportiva, calzas biker, outfits gym, running, CrossFit y tendencias fitness. Gu\u00edas, tips y novedades de moda deportiva.","robots":{"index":"index","follow":"follow","max-snippet":"max-snippet:-1","max-image-preview":"max-image-preview:large","max-video-preview":"max-video-preview:-1"},"canonical":"https:\/\/bearfit.com.ar\/web\/blog\/","og_locale":"es_ES","og_type":"article","og_title":"Blog de Ropa Deportiva y Fitness -","og_description":"Consejos sobre ropa deportiva, calzas biker, outfits gym, running, CrossFit y tendencias fitness. Gu\u00edas, tips y novedades de moda deportiva.","og_url":"https:\/\/bearfit.com.ar\/web\/blog\/","article_publisher":"https:\/\/www.facebook.com\/bearfit.oficial","article_modified_time":"2026-05-13T17:38:44+00:00","og_image":[{"url":"https:\/\/bearfit.com.ar\/web\/wp-content\/uploads\/elementor\/thumbs\/que-es-una-calza-biker-y-como-usarla-rnemoat7oyqxbbu8je66yuzo4s1reqdv689tu0thys.jpg","type":"","width":"","height":""}],"twitter_card":"summary_large_image","twitter_misc":{"Tiempo de lectura":"1 minuto"},"schema":{"@context":"https:\/\/schema.org","@graph":[{"@type":"WebPage","@id":"https:\/\/bearfit.com.ar\/web\/blog\/","url":"https:\/\/bearfit.com.ar\/web\/blog\/","name":"Blog de Ropa Deportiva y Fitness -","isPartOf":{"@id":"https:\/\/bearfit.com.ar\/web\/#website"},"primaryImageOfPage":{"@id":"https:\/\/bearfit.com.ar\/web\/blog\/#primaryimage"},"image":{"@id":"https:\/\/bearfit.com.ar\/web\/blog\/#primaryimage"},"thumbnailUrl":"https:\/\/bearfit.com.ar\/web\/wp-content\/uploads\/elementor\/thumbs\/que-es-una-calza-biker-y-como-usarla-rnemoat7oyqxbbu8je66yuzo4s1reqdv689tu0thys.jpg","datePublished":"2026-05-13T16:37:26+00:00","dateModified":"2026-05-13T17:38:44+00:00","description":"Consejos sobre ropa deportiva, calzas biker, outfits gym, running, CrossFit y tendencias fitness. Gu\u00edas, tips y novedades de moda deportiva.","breadcrumb":{"@id":"https:\/\/bearfit.com.ar\/web\/blog\/#breadcrumb"},"inLanguage":"es","potentialAction":[{"@type":"ReadAction","target":["https:\/\/bearfit.com.ar\/web\/blog\/"]}]},{"@type":"ImageObject","inLanguage":"es","@id":"https:\/\/bearfit.com.ar\/web\/blog\/#primaryimage","url":"https:\/\/bearfit.com.ar\/web\/wp-content\/uploads\/elementor\/thumbs\/que-es-una-calza-biker-y-como-usarla-rnemoat7oyqxbbu8je66yuzo4s1reqdv689tu0thys.jpg","contentUrl":"https:\/\/bearfit.com.ar\/web\/wp-content\/uploads\/elementor\/thumbs\/que-es-una-calza-biker-y-como-usarla-rnemoat7oyqxbbu8je66yuzo4s1reqdv689tu0thys.jpg"},{"@type":"BreadcrumbList","@id":"https:\/\/bearfit.com.ar\/web\/blog\/#breadcrumb","itemListElement":[{"@type":"ListItem","position":1,"name":"Portada","item":"https:\/\/bearfit.com.ar\/web\/"},{"@type":"ListItem","position":2,"name":"Blog de Ropa Deportiva y Fitness"}]},{"@type":"WebSite","@id":"https:\/\/bearfit.com.ar\/web\/#website","url":"https:\/\/bearfit.com.ar\/web\/","name":"Indumentaria Deportiva","description":"Indumentaria Deportiva","publisher":{"@id":"https:\/\/bearfit.com.ar\/web\/#organization"},"potentialAction":[{"@type":"SearchAction","target":{"@type":"EntryPoint","urlTemplate":"https:\/\/bearfit.com.ar\/web\/?s={search_term_string}"},"query-input":{"@type":"PropertyValueSpecification","valueRequired":true,"valueName":"search_term_string"}}],"inLanguage":"es"},{"@type":"Organization","@id":"https:\/\/bearfit.com.ar\/web\/#organization","name":"Bearfit","url":"https:\/\/bearfit.com.ar\/web\/","logo":{"@type":"ImageObject","inLanguage":"es","@id":"https:\/\/bearfit.com.ar\/web\/#\/schema\/logo\/image\/","url":"https:\/\/bearfit.com.ar\/web\/wp-content\/uploads\/2025\/12\/cropped-logo-1.webp","contentUrl":"https:\/\/bearfit.com.ar\/web\/wp-content\/uploads\/2025\/12\/cropped-logo-1.webp","width":1299,"height":161,"caption":"Bearfit"},"image":{"@id":"https:\/\/bearfit.com.ar\/web\/#\/schema\/logo\/image\/"},"sameAs":["https:\/\/www.facebook.com\/bearfit.oficial","https:\/\/www.instagram.com\/_bearfit\/"]}]}},"_links":{"self":[{"href":"https:\/\/bearfit.com.ar\/web\/wp-json\/wp\/v2\/pages\/3444","targetHints":{"allow":["GET"]}}],"collection":[{"href":"https:\/\/bearfit.com.ar\/web\/wp-json\/wp\/v2\/pages"}],"about":[{"href":"https:\/\/bearfit.com.ar\/web\/wp-json\/wp\/v2\/types\/page"}],"author":[{"embeddable":true,"href":"https:\/\/bearfit.com.ar\/web\/wp-json\/wp\/v2\/users\/2"}],"replies":[{"embeddable":true,"href":"https:\/\/bearfit.com.ar\/web\/wp-json\/wp\/v2\/comments?post=3444"}],"version-history":[{"count":28,"href":"https:\/\/bearfit.com.ar\/web\/wp-json\/wp\/v2\/pages\/3444\/revisions"}],"predecessor-version":[{"id":3485,"href":"https:\/\/bearfit.com.ar\/web\/wp-json\/wp\/v2\/pages\/3444\/revisions\/3485"}],"wp:attachment":[{"href":"https:\/\/bearfit.com.ar\/web\/wp-json\/wp\/v2\/media?parent=3444"}],"curies":[{"name":"wp","href":"https:\/\/api.w.org\/{rel}","templated":true}]}}