{"id":450,"date":"2025-12-18T14:53:39","date_gmt":"2025-12-18T14:53:39","guid":{"rendered":"https:\/\/bearfit.com.ar\/web\/?page_id=450"},"modified":"2026-02-23T14:52:27","modified_gmt":"2026-02-23T14:52:27","slug":"nosotros","status":"publish","type":"page","link":"https:\/\/bearfit.com.ar\/web\/nosotros\/","title":{"rendered":"SOBRE BEARFIT"},"content":{"rendered":"\t\t<div data-elementor-type=\"wp-page\" data-elementor-id=\"450\" class=\"elementor elementor-450\">\n\t\t\t\t<div class=\"elementor-element elementor-element-4a00ac0 e-flex e-con-boxed wpr-particle-no wpr-jarallax-no wpr-parallax-no wpr-sticky-section-no wpr-column-slider-no wpr-equal-height-no e-con e-parent\" data-id=\"4a00ac0\" data-element_type=\"container\" data-e-type=\"container\" data-settings=\"{&quot;background_background&quot;:&quot;classic&quot;}\">\n\t\t\t\t\t<div class=\"e-con-inner\">\n\t\t\t\t<div class=\"elementor-element elementor-element-43eeab9 elementor-widget elementor-widget-heading\" data-id=\"43eeab9\" data-element_type=\"widget\" data-e-type=\"widget\" data-widget_type=\"heading.default\">\n\t\t\t\t\t<h2 class=\"elementor-heading-title elementor-size-default\">SOBRE NOSOTROS<\/h2>\t\t\t\t<\/div>\n\t\t\t\t\t<\/div>\n\t\t\t\t<\/div>\n\t\t<div class=\"elementor-element elementor-element-23c702a e-flex e-con-boxed wpr-particle-no wpr-jarallax-no wpr-parallax-no wpr-sticky-section-no wpr-column-slider-no wpr-equal-height-no e-con e-parent\" data-id=\"23c702a\" data-element_type=\"container\" data-e-type=\"container\">\n\t\t\t\t\t<div class=\"e-con-inner\">\n\t\t\t\t<div class=\"elementor-element elementor-element-4054d7f elementor-widget elementor-widget-text-editor\" data-id=\"4054d7f\" data-element_type=\"widget\" data-e-type=\"widget\" data-widget_type=\"text-editor.default\">\n\t\t\t\t\t\t\t\t\t<p>Sobre Bearfit. <br \/>Fundada en el 2003, Bearfit es una empresa joven, en plena expansi\u00f3n, que trabaja de una manera din\u00e1mica e innovadora.<\/p><p>Somos el resultado de a\u00f1os de experiencia en el \u00e1rea textil, dedicandonos al desarrollo de prendas para la pr\u00e1ctica de diversas disciplinas deportivas. Nuestro trato con el cliente es totalmente personalizado, asesorando y aconsejando en cada etapa del proceso, lo cual crea un lazo de confianza para un mejor trabajo entre ambos.<\/p><p>Hemos ido avanzando y actualiz\u00e1ndonos en estos a\u00f1os para acercarnos cada vez m\u00e1s a las demandas y necesidades de nuestros clientes, con seriedad, responsabilidad, experiencia y profesionalismo.<\/p><p>Nuestro trabajo a lo largo de estos a\u00f1os nos ha permitido expandirnos por todo el pa\u00eds. Actualmente ofrecemos nuestro servicio en diversas provincias como son C\u00f3rdoba, Jujuy, Salta, Buenos Aires, y m\u00e1s.<\/p>\t\t\t\t\t\t\t\t<\/div>\n\t\t\t\t<div class=\"elementor-element elementor-element-f016569 elementor-widget elementor-widget-heading\" data-id=\"f016569\" data-element_type=\"widget\" data-e-type=\"widget\" data-widget_type=\"heading.default\">\n\t\t\t\t\t<h2 class=\"elementor-heading-title elementor-size-default\">DISE\u00d1OS PERSONALIZADOS<\/h2>\t\t\t\t<\/div>\n\t\t\t\t<div class=\"elementor-element elementor-element-6722559 elementor-widget elementor-widget-text-editor\" data-id=\"6722559\" data-element_type=\"widget\" data-e-type=\"widget\" data-widget_type=\"text-editor.default\">\n\t\t\t\t\t\t\t\t\t<p>Pod\u00e9s armar un pedido de prendas deportivas exclusivas para tu Box o Gimnasio<\/p>\t\t\t\t\t\t\t\t<\/div>\n\t\t\t\t<div class=\"elementor-element elementor-element-37cc86a elementor-align-center elementor-widget elementor-widget-button\" data-id=\"37cc86a\" data-element_type=\"widget\" data-e-type=\"widget\" data-widget_type=\"button.default\">\n\t\t\t\t\t\t\t\t\t\t<a class=\"elementor-button elementor-button-link elementor-size-sm\" href=\"https:\/\/bearfit.com.ar\/web\/contacto\/\">\n\t\t\t\t\t\t<span class=\"elementor-button-content-wrapper\">\n\t\t\t\t\t\t\t\t\t<span class=\"elementor-button-text\">CONTACTO<\/span>\n\t\t\t\t\t<\/span>\n\t\t\t\t\t<\/a>\n\t\t\t\t\t\t\t\t<\/div>\n\t\t\t\t<div class=\"elementor-element elementor-element-e5af5cd elementor-widget elementor-widget-image\" data-id=\"e5af5cd\" data-element_type=\"widget\" data-e-type=\"widget\" data-widget_type=\"image.default\">\n\t\t\t\t\t\t\t\t\t\t\t\t\t\t\t<img fetchpriority=\"high\" decoding=\"async\" width=\"1024\" height=\"200\" src=\"https:\/\/bearfit.com.ar\/web\/wp-content\/uploads\/2025\/12\/disenos-personalizados-1024x200.jpg\" class=\"attachment-large size-large wp-image-479\" alt=\"Sobre BEARFIT\" srcset=\"https:\/\/bearfit.com.ar\/web\/wp-content\/uploads\/2025\/12\/disenos-personalizados-1024x200.jpg 1024w, https:\/\/bearfit.com.ar\/web\/wp-content\/uploads\/2025\/12\/disenos-personalizados-300x59.jpg 300w, https:\/\/bearfit.com.ar\/web\/wp-content\/uploads\/2025\/12\/disenos-personalizados-768x150.jpg 768w, https:\/\/bearfit.com.ar\/web\/wp-content\/uploads\/2025\/12\/disenos-personalizados-1536x300.jpg 1536w, https:\/\/bearfit.com.ar\/web\/wp-content\/uploads\/2025\/12\/disenos-personalizados-600x117.jpg 600w, https:\/\/bearfit.com.ar\/web\/wp-content\/uploads\/2025\/12\/disenos-personalizados.jpg 1920w\" sizes=\"(max-width: 1024px) 100vw, 1024px\" \/>\t\t\t\t\t\t\t\t\t\t\t\t\t\t\t<\/div>\n\t\t\t\t\t<\/div>\n\t\t\t\t<\/div>\n\t\t\t\t<\/div>\n\t\t","protected":false},"excerpt":{"rendered":"<p>SOBRE NOSOTROS Sobre Bearfit. Fundada en el 2003, Bearfit es una empresa joven, en plena expansi\u00f3n, que trabaja de una manera din\u00e1mica e innovadora. Somos el resultado de a\u00f1os de experiencia en el \u00e1rea textil, dedicandonos al desarrollo de prendas para la pr\u00e1ctica de diversas disciplinas deportivas. Nuestro trato con el cliente es totalmente personalizado, asesorando y aconsejando en cada etapa del proceso, lo cual crea un lazo de confianza para un mejor trabajo entre ambos. Hemos ido avanzando y actualiz\u00e1ndonos en estos a\u00f1os para acercarnos cada vez m\u00e1s a las demandas y necesidades de nuestros clientes, con seriedad, responsabilidad, experiencia y profesionalismo. Nuestro trabajo a lo largo de estos a\u00f1os nos ha permitido expandirnos por todo el pa\u00eds. Actualmente ofrecemos nuestro servicio en diversas provincias como son C\u00f3rdoba, Jujuy, Salta, Buenos Aires, y m\u00e1s. DISE\u00d1OS PERSONALIZADOS Pod\u00e9s armar un pedido de prendas deportivas exclusivas para tu Box o Gimnasio CONTACTO<\/p>\n","protected":false},"author":2,"featured_media":0,"parent":0,"menu_order":0,"comment_status":"closed","ping_status":"closed","template":"","meta":{"site-sidebar-layout":"no-sidebar","site-content-layout":"","ast-site-content-layout":"full-width-container","site-content-style":"default","site-sidebar-style":"default","ast-global-header-display":"","ast-banner-title-visibility":"","ast-main-header-display":"","ast-hfb-above-header-display":"","ast-hfb-below-header-display":"","ast-hfb-mobile-header-display":"","site-post-title":"disabled","ast-breadcrumbs-content":"","ast-featured-img":"disabled","footer-sml-layout":"","ast-disable-related-posts":"","theme-transparent-header-meta":"","adv-header-id-meta":"","stick-header-meta":"","header-above-stick-meta":"","header-main-stick-meta":"","header-below-stick-meta":"","astra-migrate-meta-layouts":"default","ast-page-background-enabled":"default","ast-page-background-meta":{"desktop":{"background-color":"var(--ast-global-color-5)","background-image":"","background-repeat":"repeat","background-position":"center center","background-size":"auto","background-attachment":"scroll","background-type":"","background-media":"","overlay-type":"","overlay-color":"","overlay-opacity":"","overlay-gradient":""},"tablet":{"background-color":"","background-image":"","background-repeat":"repeat","background-position":"center center","background-size":"auto","background-attachment":"scroll","background-type":"","background-media":"","overlay-type":"","overlay-color":"","overlay-opacity":"","overlay-gradient":""},"mobile":{"background-color":"","background-image":"","background-repeat":"repeat","background-position":"center center","background-size":"auto","background-attachment":"scroll","background-type":"","background-media":"","overlay-type":"","overlay-color":"","overlay-opacity":"","overlay-gradient":""}},"ast-content-background-meta":{"desktop":{"background-color":"var(--ast-global-color-4)","background-image":"","background-repeat":"repeat","background-position":"center center","background-size":"auto","background-attachment":"scroll","background-type":"","background-media":"","overlay-type":"","overlay-color":"","overlay-opacity":"","overlay-gradient":""},"tablet":{"background-color":"var(--ast-global-color-4)","background-image":"","background-repeat":"repeat","background-position":"center center","background-size":"auto","background-attachment":"scroll","background-type":"","background-media":"","overlay-type":"","overlay-color":"","overlay-opacity":"","overlay-gradient":""},"mobile":{"background-color":"var(--ast-global-color-4)","background-image":"","background-repeat":"repeat","background-position":"center center","background-size":"auto","background-attachment":"scroll","background-type":"","background-media":"","overlay-type":"","overlay-color":"","overlay-opacity":"","overlay-gradient":""}},"footnotes":""},"class_list":["post-450","page","type-page","status-publish","hentry"],"yoast_head":"<!-- This site is optimized with the Yoast SEO plugin v27.5 - https:\/\/yoast.com\/product\/yoast-seo-wordpress\/ -->\n<title>SOBRE BEARFIT -<\/title>\n<meta name=\"description\" content=\"Somos el resultado de a\u00f1os de experiencia en el \u00e1rea textil, dedicandonos al desarrollo de prendas para la pr\u00e1ctica de diversas disciplinas.\" \/>\n<meta name=\"robots\" content=\"index, follow, max-snippet:-1, max-image-preview:large, max-video-preview:-1\" \/>\n<link rel=\"canonical\" href=\"https:\/\/bearfit.com.ar\/web\/nosotros\/\" \/>\n<meta property=\"og:locale\" content=\"es_ES\" \/>\n<meta property=\"og:type\" content=\"article\" \/>\n<meta property=\"og:title\" content=\"SOBRE BEARFIT -\" \/>\n<meta property=\"og:description\" content=\"Somos el resultado de a\u00f1os de experiencia en el \u00e1rea textil, dedicandonos al desarrollo de prendas para la pr\u00e1ctica de diversas disciplinas.\" \/>\n<meta property=\"og:url\" content=\"https:\/\/bearfit.com.ar\/web\/nosotros\/\" \/>\n<meta property=\"article:publisher\" content=\"https:\/\/www.facebook.com\/bearfit.oficial\" \/>\n<meta property=\"article:modified_time\" content=\"2026-02-23T14:52:27+00:00\" \/>\n<meta property=\"og:image\" content=\"https:\/\/bearfit.com.ar\/web\/wp-content\/uploads\/2025\/12\/disenos-personalizados-1024x200.jpg\" \/>\n<meta name=\"twitter:card\" content=\"summary_large_image\" \/>\n<meta name=\"twitter:label1\" content=\"Tiempo de lectura\" \/>\n\t<meta name=\"twitter:data1\" content=\"1 minuto\" \/>\n<script type=\"application\/ld+json\" class=\"yoast-schema-graph\">{\"@context\":\"https:\\\/\\\/schema.org\",\"@graph\":[{\"@type\":\"WebPage\",\"@id\":\"https:\\\/\\\/bearfit.com.ar\\\/web\\\/nosotros\\\/\",\"url\":\"https:\\\/\\\/bearfit.com.ar\\\/web\\\/nosotros\\\/\",\"name\":\"SOBRE BEARFIT -\",\"isPartOf\":{\"@id\":\"https:\\\/\\\/bearfit.com.ar\\\/web\\\/#website\"},\"primaryImageOfPage\":{\"@id\":\"https:\\\/\\\/bearfit.com.ar\\\/web\\\/nosotros\\\/#primaryimage\"},\"image\":{\"@id\":\"https:\\\/\\\/bearfit.com.ar\\\/web\\\/nosotros\\\/#primaryimage\"},\"thumbnailUrl\":\"https:\\\/\\\/bearfit.com.ar\\\/web\\\/wp-content\\\/uploads\\\/2025\\\/12\\\/disenos-personalizados-1024x200.jpg\",\"datePublished\":\"2025-12-18T14:53:39+00:00\",\"dateModified\":\"2026-02-23T14:52:27+00:00\",\"description\":\"Somos el resultado de a\u00f1os de experiencia en el \u00e1rea textil, dedicandonos al desarrollo de prendas para la pr\u00e1ctica de diversas disciplinas.\",\"breadcrumb\":{\"@id\":\"https:\\\/\\\/bearfit.com.ar\\\/web\\\/nosotros\\\/#breadcrumb\"},\"inLanguage\":\"es\",\"potentialAction\":[{\"@type\":\"ReadAction\",\"target\":[\"https:\\\/\\\/bearfit.com.ar\\\/web\\\/nosotros\\\/\"]}]},{\"@type\":\"ImageObject\",\"inLanguage\":\"es\",\"@id\":\"https:\\\/\\\/bearfit.com.ar\\\/web\\\/nosotros\\\/#primaryimage\",\"url\":\"https:\\\/\\\/bearfit.com.ar\\\/web\\\/wp-content\\\/uploads\\\/2025\\\/12\\\/disenos-personalizados.jpg\",\"contentUrl\":\"https:\\\/\\\/bearfit.com.ar\\\/web\\\/wp-content\\\/uploads\\\/2025\\\/12\\\/disenos-personalizados.jpg\",\"width\":1920,\"height\":375,\"caption\":\"Sobre BEARFIT\"},{\"@type\":\"BreadcrumbList\",\"@id\":\"https:\\\/\\\/bearfit.com.ar\\\/web\\\/nosotros\\\/#breadcrumb\",\"itemListElement\":[{\"@type\":\"ListItem\",\"position\":1,\"name\":\"Portada\",\"item\":\"https:\\\/\\\/bearfit.com.ar\\\/web\\\/\"},{\"@type\":\"ListItem\",\"position\":2,\"name\":\"SOBRE BEARFIT\"}]},{\"@type\":\"WebSite\",\"@id\":\"https:\\\/\\\/bearfit.com.ar\\\/web\\\/#website\",\"url\":\"https:\\\/\\\/bearfit.com.ar\\\/web\\\/\",\"name\":\"Indumentaria Deportiva\",\"description\":\"Indumentaria Deportiva\",\"publisher\":{\"@id\":\"https:\\\/\\\/bearfit.com.ar\\\/web\\\/#organization\"},\"potentialAction\":[{\"@type\":\"SearchAction\",\"target\":{\"@type\":\"EntryPoint\",\"urlTemplate\":\"https:\\\/\\\/bearfit.com.ar\\\/web\\\/?s={search_term_string}\"},\"query-input\":{\"@type\":\"PropertyValueSpecification\",\"valueRequired\":true,\"valueName\":\"search_term_string\"}}],\"inLanguage\":\"es\"},{\"@type\":\"Organization\",\"@id\":\"https:\\\/\\\/bearfit.com.ar\\\/web\\\/#organization\",\"name\":\"Bearfit\",\"url\":\"https:\\\/\\\/bearfit.com.ar\\\/web\\\/\",\"logo\":{\"@type\":\"ImageObject\",\"inLanguage\":\"es\",\"@id\":\"https:\\\/\\\/bearfit.com.ar\\\/web\\\/#\\\/schema\\\/logo\\\/image\\\/\",\"url\":\"https:\\\/\\\/bearfit.com.ar\\\/web\\\/wp-content\\\/uploads\\\/2025\\\/12\\\/cropped-logo-1.webp\",\"contentUrl\":\"https:\\\/\\\/bearfit.com.ar\\\/web\\\/wp-content\\\/uploads\\\/2025\\\/12\\\/cropped-logo-1.webp\",\"width\":1299,\"height\":161,\"caption\":\"Bearfit\"},\"image\":{\"@id\":\"https:\\\/\\\/bearfit.com.ar\\\/web\\\/#\\\/schema\\\/logo\\\/image\\\/\"},\"sameAs\":[\"https:\\\/\\\/www.facebook.com\\\/bearfit.oficial\",\"https:\\\/\\\/www.instagram.com\\\/_bearfit\\\/\"]}]}<\/script>\n<!-- \/ Yoast SEO plugin. -->","yoast_head_json":{"title":"SOBRE BEARFIT -","description":"Somos el resultado de a\u00f1os de experiencia en el \u00e1rea textil, dedicandonos al desarrollo de prendas para la pr\u00e1ctica de diversas disciplinas.","robots":{"index":"index","follow":"follow","max-snippet":"max-snippet:-1","max-image-preview":"max-image-preview:large","max-video-preview":"max-video-preview:-1"},"canonical":"https:\/\/bearfit.com.ar\/web\/nosotros\/","og_locale":"es_ES","og_type":"article","og_title":"SOBRE BEARFIT -","og_description":"Somos el resultado de a\u00f1os de experiencia en el \u00e1rea textil, dedicandonos al desarrollo de prendas para la pr\u00e1ctica de diversas disciplinas.","og_url":"https:\/\/bearfit.com.ar\/web\/nosotros\/","article_publisher":"https:\/\/www.facebook.com\/bearfit.oficial","article_modified_time":"2026-02-23T14:52:27+00:00","og_image":[{"url":"https:\/\/bearfit.com.ar\/web\/wp-content\/uploads\/2025\/12\/disenos-personalizados-1024x200.jpg","type":"","width":"","height":""}],"twitter_card":"summary_large_image","twitter_misc":{"Tiempo de lectura":"1 minuto"},"schema":{"@context":"https:\/\/schema.org","@graph":[{"@type":"WebPage","@id":"https:\/\/bearfit.com.ar\/web\/nosotros\/","url":"https:\/\/bearfit.com.ar\/web\/nosotros\/","name":"SOBRE BEARFIT -","isPartOf":{"@id":"https:\/\/bearfit.com.ar\/web\/#website"},"primaryImageOfPage":{"@id":"https:\/\/bearfit.com.ar\/web\/nosotros\/#primaryimage"},"image":{"@id":"https:\/\/bearfit.com.ar\/web\/nosotros\/#primaryimage"},"thumbnailUrl":"https:\/\/bearfit.com.ar\/web\/wp-content\/uploads\/2025\/12\/disenos-personalizados-1024x200.jpg","datePublished":"2025-12-18T14:53:39+00:00","dateModified":"2026-02-23T14:52:27+00:00","description":"Somos el resultado de a\u00f1os de experiencia en el \u00e1rea textil, dedicandonos al desarrollo de prendas para la pr\u00e1ctica de diversas disciplinas.","breadcrumb":{"@id":"https:\/\/bearfit.com.ar\/web\/nosotros\/#breadcrumb"},"inLanguage":"es","potentialAction":[{"@type":"ReadAction","target":["https:\/\/bearfit.com.ar\/web\/nosotros\/"]}]},{"@type":"ImageObject","inLanguage":"es","@id":"https:\/\/bearfit.com.ar\/web\/nosotros\/#primaryimage","url":"https:\/\/bearfit.com.ar\/web\/wp-content\/uploads\/2025\/12\/disenos-personalizados.jpg","contentUrl":"https:\/\/bearfit.com.ar\/web\/wp-content\/uploads\/2025\/12\/disenos-personalizados.jpg","width":1920,"height":375,"caption":"Sobre BEARFIT"},{"@type":"BreadcrumbList","@id":"https:\/\/bearfit.com.ar\/web\/nosotros\/#breadcrumb","itemListElement":[{"@type":"ListItem","position":1,"name":"Portada","item":"https:\/\/bearfit.com.ar\/web\/"},{"@type":"ListItem","position":2,"name":"SOBRE BEARFIT"}]},{"@type":"WebSite","@id":"https:\/\/bearfit.com.ar\/web\/#website","url":"https:\/\/bearfit.com.ar\/web\/","name":"Indumentaria Deportiva","description":"Indumentaria Deportiva","publisher":{"@id":"https:\/\/bearfit.com.ar\/web\/#organization"},"potentialAction":[{"@type":"SearchAction","target":{"@type":"EntryPoint","urlTemplate":"https:\/\/bearfit.com.ar\/web\/?s={search_term_string}"},"query-input":{"@type":"PropertyValueSpecification","valueRequired":true,"valueName":"search_term_string"}}],"inLanguage":"es"},{"@type":"Organization","@id":"https:\/\/bearfit.com.ar\/web\/#organization","name":"Bearfit","url":"https:\/\/bearfit.com.ar\/web\/","logo":{"@type":"ImageObject","inLanguage":"es","@id":"https:\/\/bearfit.com.ar\/web\/#\/schema\/logo\/image\/","url":"https:\/\/bearfit.com.ar\/web\/wp-content\/uploads\/2025\/12\/cropped-logo-1.webp","contentUrl":"https:\/\/bearfit.com.ar\/web\/wp-content\/uploads\/2025\/12\/cropped-logo-1.webp","width":1299,"height":161,"caption":"Bearfit"},"image":{"@id":"https:\/\/bearfit.com.ar\/web\/#\/schema\/logo\/image\/"},"sameAs":["https:\/\/www.facebook.com\/bearfit.oficial","https:\/\/www.instagram.com\/_bearfit\/"]}]}},"_links":{"self":[{"href":"https:\/\/bearfit.com.ar\/web\/wp-json\/wp\/v2\/pages\/450","targetHints":{"allow":["GET"]}}],"collection":[{"href":"https:\/\/bearfit.com.ar\/web\/wp-json\/wp\/v2\/pages"}],"about":[{"href":"https:\/\/bearfit.com.ar\/web\/wp-json\/wp\/v2\/types\/page"}],"author":[{"embeddable":true,"href":"https:\/\/bearfit.com.ar\/web\/wp-json\/wp\/v2\/users\/2"}],"replies":[{"embeddable":true,"href":"https:\/\/bearfit.com.ar\/web\/wp-json\/wp\/v2\/comments?post=450"}],"version-history":[{"count":32,"href":"https:\/\/bearfit.com.ar\/web\/wp-json\/wp\/v2\/pages\/450\/revisions"}],"predecessor-version":[{"id":2577,"href":"https:\/\/bearfit.com.ar\/web\/wp-json\/wp\/v2\/pages\/450\/revisions\/2577"}],"wp:attachment":[{"href":"https:\/\/bearfit.com.ar\/web\/wp-json\/wp\/v2\/media?parent=450"}],"curies":[{"name":"wp","href":"https:\/\/api.w.org\/{rel}","templated":true}]}}