{"id":1694,"date":"2025-12-22T17:33:34","date_gmt":"2025-12-22T17:33:34","guid":{"rendered":"https:\/\/bearfit.com.ar\/web\/?post_type=product&#038;p=1694"},"modified":"2026-05-09T23:52:25","modified_gmt":"2026-05-09T23:52:25","slug":"top-activ-4","status":"publish","type":"product","link":"https:\/\/bearfit.com.ar\/web\/producto\/top-activ-4\/","title":{"rendered":"Top Activ"},"content":{"rendered":"<p><strong>Pol\u00edtica de cambio y devoluciones:<\/strong><br \/>\nLas prendas tienen un tiempo de 15 (quince) d\u00edas para realizar el cambio por modelo o por talle.<br \/>\nEn ese caso, el env\u00edo corre por cuenta del cliente (tanto el de la devoluci\u00f3n del pedido como el del cambio que realizaste). Si el cambio es por un desperfecto de la prenda o por equivocaci\u00f3n en el pedido, el env\u00edo corre por cuenta de Bearfit. Trabajamos con Correo Argentino.<\/p>\n<p>En caso de solicitar un cambio, pod\u00e9s hacerlo a trav\u00e9s de nuestro Whatsapp: 11-4079-6819 (solo mensajes). El horario de atenci\u00f3n es de 7 a 13 hs.<\/p>\n<p>No realizamos devoluciones de dinero de los pedidos. En caso de solicitar devoluci\u00f3n, pod\u00e9s cambiar tu pedido por otro art\u00edculo de la tienda online.<\/p>\n","protected":false},"excerpt":{"rendered":"<div><strong>Descripci\u00f3n:<\/strong><\/div>\n<div><\/div>\n<div>Top deportivo confeccionado en tela de punto sint\u00e9tico con spandex, pensado para brindarte m\u00e1xima libertad de movimiento y soporte en tus entrenamientos. Su dise\u00f1o de cuello cerrado asegura un ajuste c\u00f3modo y seguro, acompa\u00f1\u00e1ndote en cada repetici\u00f3n sin distracciones. Ideal para actividades de alta intensidad, running, gym o rutinas al aire libre.<\/div>\n<div><\/div>\n<div>\u2e3b<\/div>\n<div><\/div>\n<div><strong>Caracter\u00edsticas:<\/strong><\/div>\n<div>\u2022Tela de punto sint\u00e9tico con spandex: elasticidad y resistencia.<\/div>\n<div>\u2022Ajuste ergon\u00f3mico que se adapta al cuerpo.<\/div>\n<div>\u2022Cuello cerrado para mayor firmeza y seguridad.<\/div>\n<div>\u2022Ligero, transpirable y de secado r\u00e1pido.<\/div>\n<div>\u2022Dise\u00f1ado para entrenamientos de fuerza, cardio o uso diario.<\/div>\n<div><\/div>\n<div>\u2e3b<\/div>\n<div><\/div>\n<div><strong>\u00bfPor qu\u00e9 elegirlo?<\/strong><\/div>\n<div>\u2714\ufe0f Libertad de movimiento sin perder soporte.<\/div>\n<div>\u2714\ufe0f Ajuste seguro con comodidad total.<\/div>\n<div>\u2714\ufe0f Tela t\u00e9cnica que respira con vos.<\/div>\n<div>\u2714\ufe0f Dise\u00f1o vers\u00e1til: del gym a tu d\u00eda a d\u00eda.<\/div>\n<div>\u2714\ufe0f Rendimiento y estilo en una sola prenda.<\/div>\n","protected":false},"featured_media":1699,"comment_status":"open","ping_status":"closed","template":"","meta":{"site-sidebar-layout":"default","site-content-layout":"","ast-site-content-layout":"default","site-content-style":"default","site-sidebar-style":"default","ast-global-header-display":"","ast-banner-title-visibility":"","ast-main-header-display":"","ast-hfb-above-header-display":"","ast-hfb-below-header-display":"","ast-hfb-mobile-header-display":"","site-post-title":"","ast-breadcrumbs-content":"","ast-featured-img":"","footer-sml-layout":"","ast-disable-related-posts":"","theme-transparent-header-meta":"default","adv-header-id-meta":"","stick-header-meta":"","header-above-stick-meta":"","header-main-stick-meta":"","header-below-stick-meta":"","astra-migrate-meta-layouts":"set","ast-page-background-enabled":"default","ast-page-background-meta":{"desktop":{"background-color":"var(--ast-global-color-5)","background-image":"","background-repeat":"repeat","background-position":"center center","background-size":"auto","background-attachment":"scroll","background-type":"","background-media":"","overlay-type":"","overlay-color":"","overlay-opacity":"","overlay-gradient":""},"tablet":{"background-color":"","background-image":"","background-repeat":"repeat","background-position":"center center","background-size":"auto","background-attachment":"scroll","background-type":"","background-media":"","overlay-type":"","overlay-color":"","overlay-opacity":"","overlay-gradient":""},"mobile":{"background-color":"","background-image":"","background-repeat":"repeat","background-position":"center center","background-size":"auto","background-attachment":"scroll","background-type":"","background-media":"","overlay-type":"","overlay-color":"","overlay-opacity":"","overlay-gradient":""}},"ast-content-background-meta":{"desktop":{"background-color":"var(--ast-global-color-4)","background-image":"","background-repeat":"repeat","background-position":"center center","background-size":"auto","background-attachment":"scroll","background-type":"","background-media":"","overlay-type":"","overlay-color":"","overlay-opacity":"","overlay-gradient":""},"tablet":{"background-color":"var(--ast-global-color-4)","background-image":"","background-repeat":"repeat","background-position":"center center","background-size":"auto","background-attachment":"scroll","background-type":"","background-media":"","overlay-type":"","overlay-color":"","overlay-opacity":"","overlay-gradient":""},"mobile":{"background-color":"var(--ast-global-color-4)","background-image":"","background-repeat":"repeat","background-position":"center center","background-size":"auto","background-attachment":"scroll","background-type":"","background-media":"","overlay-type":"","overlay-color":"","overlay-opacity":"","overlay-gradient":""}}},"product_brand":[],"product_cat":[42,46],"product_tag":[18,26,19,27,20,21,47,48],"class_list":{"0":"post-1694","1":"product","2":"type-product","3":"status-publish","4":"has-post-thumbnail","6":"product_cat-indumentaria-femenina","7":"product_cat-tops","8":"product_tag-actividad-fisica","9":"product_tag-comodidad","10":"product_tag-crossfit","11":"product_tag-deportes","12":"product_tag-entrenamiento","13":"product_tag-indumentaria-deportiva","14":"product_tag-top-deportivo","15":"product_tag-top-mujer","16":"product_shipping_class-envios","17":"desktop-align-left","18":"tablet-align-left","19":"mobile-align-left","21":"first","22":"instock","23":"sale","24":"shipping-taxable","25":"purchasable","26":"product-type-variable"},"yoast_head":"<!-- This site is optimized with the Yoast SEO plugin v27.5 - https:\/\/yoast.com\/product\/yoast-seo-wordpress\/ -->\n<title>Top Activ -<\/title>\n<meta name=\"robots\" content=\"index, follow, max-snippet:-1, max-image-preview:large, max-video-preview:-1\" \/>\n<link rel=\"canonical\" href=\"https:\/\/bearfit.com.ar\/web\/producto\/top-activ-4\/\" \/>\n<meta property=\"og:locale\" content=\"es_ES\" \/>\n<meta property=\"og:type\" content=\"article\" \/>\n<meta property=\"og:title\" content=\"Top Activ -\" \/>\n<meta property=\"og:description\" content=\"Descripci\u00f3n:  Top deportivo confeccionado en tela de punto sint\u00e9tico con spandex, pensado para brindarte m\u00e1xima libertad de movimiento y soporte en tus entrenamientos. Su dise\u00f1o de cuello cerrado asegura un ajuste c\u00f3modo y seguro, acompa\u00f1\u00e1ndote en cada repetici\u00f3n sin distracciones. Ideal para actividades de alta intensidad, running, gym o rutinas al aire libre.  \u2e3b  Caracter\u00edsticas: \u2022Tela de punto sint\u00e9tico con spandex: elasticidad y resistencia. \u2022Ajuste ergon\u00f3mico que se adapta al cuerpo. \u2022Cuello cerrado para mayor firmeza y seguridad. \u2022Ligero, transpirable y de secado r\u00e1pido. \u2022Dise\u00f1ado para entrenamientos de fuerza, cardio o uso diario.  \u2e3b  \u00bfPor qu\u00e9 elegirlo? \u2714\ufe0f Libertad de movimiento sin perder soporte. \u2714\ufe0f Ajuste seguro con comodidad total. \u2714\ufe0f Tela t\u00e9cnica que respira con vos. \u2714\ufe0f Dise\u00f1o vers\u00e1til: del gym a tu d\u00eda a d\u00eda. \u2714\ufe0f Rendimiento y estilo en una sola prenda.\" \/>\n<meta property=\"og:url\" content=\"https:\/\/bearfit.com.ar\/web\/producto\/top-activ-4\/\" \/>\n<meta property=\"article:publisher\" content=\"https:\/\/www.facebook.com\/bearfit.oficial\" \/>\n<meta property=\"article:modified_time\" content=\"2026-05-09T23:52:25+00:00\" \/>\n<meta property=\"og:image\" content=\"https:\/\/bearfit.com.ar\/web\/wp-content\/uploads\/2025\/12\/BE_03413.jpg\" \/>\n\t<meta property=\"og:image:width\" content=\"1500\" \/>\n\t<meta property=\"og:image:height\" content=\"1500\" \/>\n\t<meta property=\"og:image:type\" content=\"image\/jpeg\" \/>\n<meta name=\"twitter:card\" content=\"summary_large_image\" \/>\n<meta name=\"twitter:label1\" content=\"Tiempo de lectura\" \/>\n\t<meta name=\"twitter:data1\" content=\"1 minuto\" \/>\n<script type=\"application\/ld+json\" class=\"yoast-schema-graph\">{\"@context\":\"https:\\\/\\\/schema.org\",\"@graph\":[{\"@type\":\"WebPage\",\"@id\":\"https:\\\/\\\/bearfit.com.ar\\\/web\\\/producto\\\/top-activ-4\\\/\",\"url\":\"https:\\\/\\\/bearfit.com.ar\\\/web\\\/producto\\\/top-activ-4\\\/\",\"name\":\"Top Activ -\",\"isPartOf\":{\"@id\":\"https:\\\/\\\/bearfit.com.ar\\\/web\\\/#website\"},\"primaryImageOfPage\":{\"@id\":\"https:\\\/\\\/bearfit.com.ar\\\/web\\\/producto\\\/top-activ-4\\\/#primaryimage\"},\"image\":{\"@id\":\"https:\\\/\\\/bearfit.com.ar\\\/web\\\/producto\\\/top-activ-4\\\/#primaryimage\"},\"thumbnailUrl\":\"https:\\\/\\\/bearfit.com.ar\\\/web\\\/wp-content\\\/uploads\\\/2025\\\/12\\\/BE_03413.jpg\",\"datePublished\":\"2025-12-22T17:33:34+00:00\",\"dateModified\":\"2026-05-09T23:52:25+00:00\",\"breadcrumb\":{\"@id\":\"https:\\\/\\\/bearfit.com.ar\\\/web\\\/producto\\\/top-activ-4\\\/#breadcrumb\"},\"inLanguage\":\"es\",\"potentialAction\":[{\"@type\":\"ReadAction\",\"target\":[\"https:\\\/\\\/bearfit.com.ar\\\/web\\\/producto\\\/top-activ-4\\\/\"]}]},{\"@type\":\"ImageObject\",\"inLanguage\":\"es\",\"@id\":\"https:\\\/\\\/bearfit.com.ar\\\/web\\\/producto\\\/top-activ-4\\\/#primaryimage\",\"url\":\"https:\\\/\\\/bearfit.com.ar\\\/web\\\/wp-content\\\/uploads\\\/2025\\\/12\\\/BE_03413.jpg\",\"contentUrl\":\"https:\\\/\\\/bearfit.com.ar\\\/web\\\/wp-content\\\/uploads\\\/2025\\\/12\\\/BE_03413.jpg\",\"width\":1500,\"height\":1500},{\"@type\":\"BreadcrumbList\",\"@id\":\"https:\\\/\\\/bearfit.com.ar\\\/web\\\/producto\\\/top-activ-4\\\/#breadcrumb\",\"itemListElement\":[{\"@type\":\"ListItem\",\"position\":1,\"name\":\"Portada\",\"item\":\"https:\\\/\\\/bearfit.com.ar\\\/web\\\/\"},{\"@type\":\"ListItem\",\"position\":2,\"name\":\"Tienda\",\"item\":\"https:\\\/\\\/bearfit.com.ar\\\/web\\\/tienda\\\/\"},{\"@type\":\"ListItem\",\"position\":3,\"name\":\"Top Activ\"}]},{\"@type\":\"WebSite\",\"@id\":\"https:\\\/\\\/bearfit.com.ar\\\/web\\\/#website\",\"url\":\"https:\\\/\\\/bearfit.com.ar\\\/web\\\/\",\"name\":\"Indumentaria Deportiva\",\"description\":\"Indumentaria Deportiva\",\"publisher\":{\"@id\":\"https:\\\/\\\/bearfit.com.ar\\\/web\\\/#organization\"},\"potentialAction\":[{\"@type\":\"SearchAction\",\"target\":{\"@type\":\"EntryPoint\",\"urlTemplate\":\"https:\\\/\\\/bearfit.com.ar\\\/web\\\/?s={search_term_string}\"},\"query-input\":{\"@type\":\"PropertyValueSpecification\",\"valueRequired\":true,\"valueName\":\"search_term_string\"}}],\"inLanguage\":\"es\"},{\"@type\":\"Organization\",\"@id\":\"https:\\\/\\\/bearfit.com.ar\\\/web\\\/#organization\",\"name\":\"Bearfit\",\"url\":\"https:\\\/\\\/bearfit.com.ar\\\/web\\\/\",\"logo\":{\"@type\":\"ImageObject\",\"inLanguage\":\"es\",\"@id\":\"https:\\\/\\\/bearfit.com.ar\\\/web\\\/#\\\/schema\\\/logo\\\/image\\\/\",\"url\":\"https:\\\/\\\/bearfit.com.ar\\\/web\\\/wp-content\\\/uploads\\\/2025\\\/12\\\/cropped-logo-1.webp\",\"contentUrl\":\"https:\\\/\\\/bearfit.com.ar\\\/web\\\/wp-content\\\/uploads\\\/2025\\\/12\\\/cropped-logo-1.webp\",\"width\":1299,\"height\":161,\"caption\":\"Bearfit\"},\"image\":{\"@id\":\"https:\\\/\\\/bearfit.com.ar\\\/web\\\/#\\\/schema\\\/logo\\\/image\\\/\"},\"sameAs\":[\"https:\\\/\\\/www.facebook.com\\\/bearfit.oficial\",\"https:\\\/\\\/www.instagram.com\\\/_bearfit\\\/\"]}]}<\/script>\n<!-- \/ Yoast SEO plugin. -->","yoast_head_json":{"title":"Top Activ -","robots":{"index":"index","follow":"follow","max-snippet":"max-snippet:-1","max-image-preview":"max-image-preview:large","max-video-preview":"max-video-preview:-1"},"canonical":"https:\/\/bearfit.com.ar\/web\/producto\/top-activ-4\/","og_locale":"es_ES","og_type":"article","og_title":"Top Activ -","og_description":"Descripci\u00f3n:  Top deportivo confeccionado en tela de punto sint\u00e9tico con spandex, pensado para brindarte m\u00e1xima libertad de movimiento y soporte en tus entrenamientos. Su dise\u00f1o de cuello cerrado asegura un ajuste c\u00f3modo y seguro, acompa\u00f1\u00e1ndote en cada repetici\u00f3n sin distracciones. Ideal para actividades de alta intensidad, running, gym o rutinas al aire libre.  \u2e3b  Caracter\u00edsticas: \u2022Tela de punto sint\u00e9tico con spandex: elasticidad y resistencia. \u2022Ajuste ergon\u00f3mico que se adapta al cuerpo. \u2022Cuello cerrado para mayor firmeza y seguridad. \u2022Ligero, transpirable y de secado r\u00e1pido. \u2022Dise\u00f1ado para entrenamientos de fuerza, cardio o uso diario.  \u2e3b  \u00bfPor qu\u00e9 elegirlo? \u2714\ufe0f Libertad de movimiento sin perder soporte. \u2714\ufe0f Ajuste seguro con comodidad total. \u2714\ufe0f Tela t\u00e9cnica que respira con vos. \u2714\ufe0f Dise\u00f1o vers\u00e1til: del gym a tu d\u00eda a d\u00eda. \u2714\ufe0f Rendimiento y estilo en una sola prenda.","og_url":"https:\/\/bearfit.com.ar\/web\/producto\/top-activ-4\/","article_publisher":"https:\/\/www.facebook.com\/bearfit.oficial","article_modified_time":"2026-05-09T23:52:25+00:00","og_image":[{"width":1500,"height":1500,"url":"https:\/\/bearfit.com.ar\/web\/wp-content\/uploads\/2025\/12\/BE_03413.jpg","type":"image\/jpeg"}],"twitter_card":"summary_large_image","twitter_misc":{"Tiempo de lectura":"1 minuto"},"schema":{"@context":"https:\/\/schema.org","@graph":[{"@type":"WebPage","@id":"https:\/\/bearfit.com.ar\/web\/producto\/top-activ-4\/","url":"https:\/\/bearfit.com.ar\/web\/producto\/top-activ-4\/","name":"Top Activ -","isPartOf":{"@id":"https:\/\/bearfit.com.ar\/web\/#website"},"primaryImageOfPage":{"@id":"https:\/\/bearfit.com.ar\/web\/producto\/top-activ-4\/#primaryimage"},"image":{"@id":"https:\/\/bearfit.com.ar\/web\/producto\/top-activ-4\/#primaryimage"},"thumbnailUrl":"https:\/\/bearfit.com.ar\/web\/wp-content\/uploads\/2025\/12\/BE_03413.jpg","datePublished":"2025-12-22T17:33:34+00:00","dateModified":"2026-05-09T23:52:25+00:00","breadcrumb":{"@id":"https:\/\/bearfit.com.ar\/web\/producto\/top-activ-4\/#breadcrumb"},"inLanguage":"es","potentialAction":[{"@type":"ReadAction","target":["https:\/\/bearfit.com.ar\/web\/producto\/top-activ-4\/"]}]},{"@type":"ImageObject","inLanguage":"es","@id":"https:\/\/bearfit.com.ar\/web\/producto\/top-activ-4\/#primaryimage","url":"https:\/\/bearfit.com.ar\/web\/wp-content\/uploads\/2025\/12\/BE_03413.jpg","contentUrl":"https:\/\/bearfit.com.ar\/web\/wp-content\/uploads\/2025\/12\/BE_03413.jpg","width":1500,"height":1500},{"@type":"BreadcrumbList","@id":"https:\/\/bearfit.com.ar\/web\/producto\/top-activ-4\/#breadcrumb","itemListElement":[{"@type":"ListItem","position":1,"name":"Portada","item":"https:\/\/bearfit.com.ar\/web\/"},{"@type":"ListItem","position":2,"name":"Tienda","item":"https:\/\/bearfit.com.ar\/web\/tienda\/"},{"@type":"ListItem","position":3,"name":"Top Activ"}]},{"@type":"WebSite","@id":"https:\/\/bearfit.com.ar\/web\/#website","url":"https:\/\/bearfit.com.ar\/web\/","name":"Indumentaria Deportiva","description":"Indumentaria Deportiva","publisher":{"@id":"https:\/\/bearfit.com.ar\/web\/#organization"},"potentialAction":[{"@type":"SearchAction","target":{"@type":"EntryPoint","urlTemplate":"https:\/\/bearfit.com.ar\/web\/?s={search_term_string}"},"query-input":{"@type":"PropertyValueSpecification","valueRequired":true,"valueName":"search_term_string"}}],"inLanguage":"es"},{"@type":"Organization","@id":"https:\/\/bearfit.com.ar\/web\/#organization","name":"Bearfit","url":"https:\/\/bearfit.com.ar\/web\/","logo":{"@type":"ImageObject","inLanguage":"es","@id":"https:\/\/bearfit.com.ar\/web\/#\/schema\/logo\/image\/","url":"https:\/\/bearfit.com.ar\/web\/wp-content\/uploads\/2025\/12\/cropped-logo-1.webp","contentUrl":"https:\/\/bearfit.com.ar\/web\/wp-content\/uploads\/2025\/12\/cropped-logo-1.webp","width":1299,"height":161,"caption":"Bearfit"},"image":{"@id":"https:\/\/bearfit.com.ar\/web\/#\/schema\/logo\/image\/"},"sameAs":["https:\/\/www.facebook.com\/bearfit.oficial","https:\/\/www.instagram.com\/_bearfit\/"]}]}},"_links":{"self":[{"href":"https:\/\/bearfit.com.ar\/web\/wp-json\/wp\/v2\/product\/1694","targetHints":{"allow":["GET"]}}],"collection":[{"href":"https:\/\/bearfit.com.ar\/web\/wp-json\/wp\/v2\/product"}],"about":[{"href":"https:\/\/bearfit.com.ar\/web\/wp-json\/wp\/v2\/types\/product"}],"replies":[{"embeddable":true,"href":"https:\/\/bearfit.com.ar\/web\/wp-json\/wp\/v2\/comments?post=1694"}],"wp:featuredmedia":[{"embeddable":true,"href":"https:\/\/bearfit.com.ar\/web\/wp-json\/wp\/v2\/media\/1699"}],"wp:attachment":[{"href":"https:\/\/bearfit.com.ar\/web\/wp-json\/wp\/v2\/media?parent=1694"}],"wp:term":[{"taxonomy":"product_brand","embeddable":true,"href":"https:\/\/bearfit.com.ar\/web\/wp-json\/wp\/v2\/product_brand?post=1694"},{"taxonomy":"product_cat","embeddable":true,"href":"https:\/\/bearfit.com.ar\/web\/wp-json\/wp\/v2\/product_cat?post=1694"},{"taxonomy":"product_tag","embeddable":true,"href":"https:\/\/bearfit.com.ar\/web\/wp-json\/wp\/v2\/product_tag?post=1694"}],"curies":[{"name":"wp","href":"https:\/\/api.w.org\/{rel}","templated":true}]}}