{"id":2418,"date":"2026-02-10T17:37:35","date_gmt":"2026-02-10T17:37:35","guid":{"rendered":"https:\/\/bearfit.com.ar\/web\/?post_type=product&#038;p=2418"},"modified":"2026-04-15T01:38:50","modified_gmt":"2026-04-15T01:38:50","slug":"camiseta-basquet-lakers-2","status":"publish","type":"product","link":"https:\/\/bearfit.com.ar\/web\/producto\/camiseta-basquet-lakers-2\/","title":{"rendered":"Camiseta Basquet Lakers"},"content":{"rendered":"<p><strong>Pol\u00edtica de cambio y devoluciones:<\/strong><br \/>\nLas prendas tienen un tiempo de 15 (quince) d\u00edas para realizar el cambio por modelo o por talle.<br \/>\nEn ese caso, el env\u00edo corre por cuenta del cliente (tanto el de la devoluci\u00f3n del pedido como el del cambio que realizaste). Si el cambio es por un desperfecto de la prenda o por equivocaci\u00f3n en el pedido, el env\u00edo corre por cuenta de Bearfit. Trabajamos con Correo Argentino.<\/p>\n<p>En caso de solicitar un cambio, pod\u00e9s hacerlo a trav\u00e9s de nuestro Whatsapp: 11-4079-6819 (solo mensajes). El horario de atenci\u00f3n es de 7 a 13 hs.<\/p>\n<p>No realizamos devoluciones de dinero de los pedidos. En caso de solicitar devoluci\u00f3n, pod\u00e9s cambiar tu pedido por otro art\u00edculo de la tienda online.<\/p>\n<p>&nbsp;<\/p>\n<p>Medidas por talle:<\/p>\n<p>S : 53,5 cm ancho \/ 81 cm largo<br \/>\nM : 55,5 cm ancho \/ 82 cm largo<br \/>\nL : 57,5 cm ancho \/ 83 cm largo<br \/>\nXl : 60 cm ancho \/ 84 cm largo<\/p>\n","protected":false},"excerpt":{"rendered":"<div><strong>Descripci\u00f3n:<\/strong><\/div>\n<div><\/div>\n<div>Camiseta de b\u00e1squet confeccionada en tela DryFit profesional, la misma calidad utilizada por equipos de primera l\u00ednea. Su tejido t\u00e9cnico ofrece m\u00e1xima frescura, resistencia y comodidad, permitiendo un flujo de aire constante y un secado r\u00e1pido incluso en los entrenamientos m\u00e1s intensos o partidos prolongados.<\/div>\n<div><\/div>\n<div>Inspiradas en el estilo y la est\u00e9tica de la NBA, estas camisetas combinan dise\u00f1o deportivo moderno con la funcionalidad que necesita un atleta real: ligereza, movilidad total y durabilidad garantizada.<\/div>\n<div><\/div>\n<div>\u2e3b<\/div>\n<div><\/div>\n<div><strong>Caracter\u00edsticas:<\/strong><\/div>\n<div>\u2022Tela DryFit profesional: ultra liviana, respirable y resistente al desgaste.<\/div>\n<div>\u2022Secado r\u00e1pido para mantenerte fresco durante todo el juego.<\/div>\n<div>\u2022Corte deportivo que permite movilidad completa.<\/div>\n<div>\u2022Dise\u00f1os inspirados en la est\u00e9tica NBA.<\/div>\n<div>\u2022Ideal para b\u00e1squet, entrenamientos de alto rendimiento o uso urbano deportivo.<\/div>\n<div><\/div>\n<div>\u2e3b<\/div>\n<div><\/div>\n<div><strong>\u00bfPor qu\u00e9 elegirla?<\/strong><\/div>\n<div>\u2714\ufe0f Misma calidad de juego que usan equipos profesionales.<\/div>\n<div>\u2714\ufe0f Frescura y confort en cada movimiento.<\/div>\n<div>\u2714\ufe0f Dise\u00f1os modernos inspirados en la NBA.<\/div>\n<div>\u2714\ufe0f Tela resistente y pensada para alto rendimiento.<\/div>\n<div>\u2714\ufe0f Perfecta para la cancha, el gym o un look deportivo urbano.<\/div>\n","protected":false},"featured_media":2424,"comment_status":"open","ping_status":"closed","template":"","meta":{"site-sidebar-layout":"default","site-content-layout":"","ast-site-content-layout":"default","site-content-style":"default","site-sidebar-style":"default","ast-global-header-display":"","ast-banner-title-visibility":"","ast-main-header-display":"","ast-hfb-above-header-display":"","ast-hfb-below-header-display":"","ast-hfb-mobile-header-display":"","site-post-title":"","ast-breadcrumbs-content":"","ast-featured-img":"","footer-sml-layout":"","ast-disable-related-posts":"","theme-transparent-header-meta":"default","adv-header-id-meta":"","stick-header-meta":"","header-above-stick-meta":"","header-main-stick-meta":"","header-below-stick-meta":"","astra-migrate-meta-layouts":"set","ast-page-background-enabled":"default","ast-page-background-meta":{"desktop":{"background-color":"var(--ast-global-color-5)","background-image":"","background-repeat":"repeat","background-position":"center center","background-size":"auto","background-attachment":"scroll","background-type":"","background-media":"","overlay-type":"","overlay-color":"","overlay-opacity":"","overlay-gradient":""},"tablet":{"background-color":"","background-image":"","background-repeat":"repeat","background-position":"center center","background-size":"auto","background-attachment":"scroll","background-type":"","background-media":"","overlay-type":"","overlay-color":"","overlay-opacity":"","overlay-gradient":""},"mobile":{"background-color":"","background-image":"","background-repeat":"repeat","background-position":"center center","background-size":"auto","background-attachment":"scroll","background-type":"","background-media":"","overlay-type":"","overlay-color":"","overlay-opacity":"","overlay-gradient":""}},"ast-content-background-meta":{"desktop":{"background-color":"var(--ast-global-color-4)","background-image":"","background-repeat":"repeat","background-position":"center center","background-size":"auto","background-attachment":"scroll","background-type":"","background-media":"","overlay-type":"","overlay-color":"","overlay-opacity":"","overlay-gradient":""},"tablet":{"background-color":"var(--ast-global-color-4)","background-image":"","background-repeat":"repeat","background-position":"center center","background-size":"auto","background-attachment":"scroll","background-type":"","background-media":"","overlay-type":"","overlay-color":"","overlay-opacity":"","overlay-gradient":""},"mobile":{"background-color":"var(--ast-global-color-4)","background-image":"","background-repeat":"repeat","background-position":"center center","background-size":"auto","background-attachment":"scroll","background-type":"","background-media":"","overlay-type":"","overlay-color":"","overlay-opacity":"","overlay-gradient":""}}},"product_brand":[],"product_cat":[63,64,16,33],"product_tag":[18,65,66,26,27,20,50,21,34,35,67],"class_list":{"0":"post-2418","1":"product","2":"type-product","3":"status-publish","4":"has-post-thumbnail","6":"product_cat-drop-basquet","7":"product_cat-camisetas","8":"product_cat-indumentaria-masculina","9":"product_cat-musculosas","10":"product_tag-actividad-fisica","11":"product_tag-basquet","12":"product_tag-camiseta-basquet","13":"product_tag-comodidad","14":"product_tag-deportes","15":"product_tag-entrenamiento","16":"product_tag-excelente-calce","17":"product_tag-indumentaria-deportiva","18":"product_tag-musculosa-deportiva","19":"product_tag-musculosas","20":"product_tag-nba","21":"product_shipping_class-envios","22":"desktop-align-left","23":"tablet-align-left","24":"mobile-align-left","26":"first","27":"instock","28":"shipping-taxable","29":"purchasable","30":"product-type-variable"},"yoast_head":"<!-- This site is optimized with the Yoast SEO plugin v27.3 - https:\/\/yoast.com\/product\/yoast-seo-wordpress\/ -->\n<title>Camiseta Basquet Lakers -<\/title>\n<meta name=\"robots\" content=\"index, follow, max-snippet:-1, max-image-preview:large, max-video-preview:-1\" \/>\n<link rel=\"canonical\" href=\"https:\/\/bearfit.com.ar\/web\/producto\/camiseta-basquet-lakers-2\/\" \/>\n<meta property=\"og:locale\" content=\"es_ES\" \/>\n<meta property=\"og:type\" content=\"article\" \/>\n<meta property=\"og:title\" content=\"Camiseta Basquet Lakers -\" \/>\n<meta property=\"og:description\" content=\"Descripci\u00f3n:  Camiseta de b\u00e1squet confeccionada en tela DryFit profesional, la misma calidad utilizada por equipos de primera l\u00ednea. Su tejido t\u00e9cnico ofrece m\u00e1xima frescura, resistencia y comodidad, permitiendo un flujo de aire constante y un secado r\u00e1pido incluso en los entrenamientos m\u00e1s intensos o partidos prolongados.  Inspiradas en el estilo y la est\u00e9tica de la NBA, estas camisetas combinan dise\u00f1o deportivo moderno con la funcionalidad que necesita un atleta real: ligereza, movilidad total y durabilidad garantizada.  \u2e3b  Caracter\u00edsticas: \u2022Tela DryFit profesional: ultra liviana, respirable y resistente al desgaste. \u2022Secado r\u00e1pido para mantenerte fresco durante todo el juego. \u2022Corte deportivo que permite movilidad completa. \u2022Dise\u00f1os inspirados en la est\u00e9tica NBA. \u2022Ideal para b\u00e1squet, entrenamientos de alto rendimiento o uso urbano deportivo.  \u2e3b  \u00bfPor qu\u00e9 elegirla? \u2714\ufe0f Misma calidad de juego que usan equipos profesionales. \u2714\ufe0f Frescura y confort en cada movimiento. \u2714\ufe0f Dise\u00f1os modernos inspirados en la NBA. \u2714\ufe0f Tela resistente y pensada para alto rendimiento. \u2714\ufe0f Perfecta para la cancha, el gym o un look deportivo urbano.\" \/>\n<meta property=\"og:url\" content=\"https:\/\/bearfit.com.ar\/web\/producto\/camiseta-basquet-lakers-2\/\" \/>\n<meta property=\"article:publisher\" content=\"https:\/\/www.facebook.com\/bearfit.oficial\" \/>\n<meta property=\"article:modified_time\" content=\"2026-04-15T01:38:50+00:00\" \/>\n<meta property=\"og:image\" content=\"https:\/\/bearfit.com.ar\/web\/wp-content\/uploads\/2026\/02\/Gemini_Generated_Image_i9hkvji9hkvji9hk.png\" \/>\n\t<meta property=\"og:image:width\" content=\"1024\" \/>\n\t<meta property=\"og:image:height\" content=\"1024\" \/>\n\t<meta property=\"og:image:type\" content=\"image\/png\" \/>\n<meta name=\"twitter:card\" content=\"summary_large_image\" \/>\n<meta name=\"twitter:label1\" content=\"Tiempo de lectura\" \/>\n\t<meta name=\"twitter:data1\" content=\"1 minuto\" \/>\n<script type=\"application\/ld+json\" class=\"yoast-schema-graph\">{\"@context\":\"https:\\\/\\\/schema.org\",\"@graph\":[{\"@type\":\"WebPage\",\"@id\":\"https:\\\/\\\/bearfit.com.ar\\\/web\\\/producto\\\/camiseta-basquet-lakers-2\\\/\",\"url\":\"https:\\\/\\\/bearfit.com.ar\\\/web\\\/producto\\\/camiseta-basquet-lakers-2\\\/\",\"name\":\"Camiseta Basquet Lakers -\",\"isPartOf\":{\"@id\":\"https:\\\/\\\/bearfit.com.ar\\\/web\\\/#website\"},\"primaryImageOfPage\":{\"@id\":\"https:\\\/\\\/bearfit.com.ar\\\/web\\\/producto\\\/camiseta-basquet-lakers-2\\\/#primaryimage\"},\"image\":{\"@id\":\"https:\\\/\\\/bearfit.com.ar\\\/web\\\/producto\\\/camiseta-basquet-lakers-2\\\/#primaryimage\"},\"thumbnailUrl\":\"https:\\\/\\\/bearfit.com.ar\\\/web\\\/wp-content\\\/uploads\\\/2026\\\/02\\\/Gemini_Generated_Image_i9hkvji9hkvji9hk.png\",\"datePublished\":\"2026-02-10T17:37:35+00:00\",\"dateModified\":\"2026-04-15T01:38:50+00:00\",\"breadcrumb\":{\"@id\":\"https:\\\/\\\/bearfit.com.ar\\\/web\\\/producto\\\/camiseta-basquet-lakers-2\\\/#breadcrumb\"},\"inLanguage\":\"es\",\"potentialAction\":[{\"@type\":\"ReadAction\",\"target\":[\"https:\\\/\\\/bearfit.com.ar\\\/web\\\/producto\\\/camiseta-basquet-lakers-2\\\/\"]}]},{\"@type\":\"ImageObject\",\"inLanguage\":\"es\",\"@id\":\"https:\\\/\\\/bearfit.com.ar\\\/web\\\/producto\\\/camiseta-basquet-lakers-2\\\/#primaryimage\",\"url\":\"https:\\\/\\\/bearfit.com.ar\\\/web\\\/wp-content\\\/uploads\\\/2026\\\/02\\\/Gemini_Generated_Image_i9hkvji9hkvji9hk.png\",\"contentUrl\":\"https:\\\/\\\/bearfit.com.ar\\\/web\\\/wp-content\\\/uploads\\\/2026\\\/02\\\/Gemini_Generated_Image_i9hkvji9hkvji9hk.png\",\"width\":1024,\"height\":1024},{\"@type\":\"BreadcrumbList\",\"@id\":\"https:\\\/\\\/bearfit.com.ar\\\/web\\\/producto\\\/camiseta-basquet-lakers-2\\\/#breadcrumb\",\"itemListElement\":[{\"@type\":\"ListItem\",\"position\":1,\"name\":\"Portada\",\"item\":\"https:\\\/\\\/bearfit.com.ar\\\/web\\\/\"},{\"@type\":\"ListItem\",\"position\":2,\"name\":\"Tienda\",\"item\":\"https:\\\/\\\/bearfit.com.ar\\\/web\\\/tienda\\\/\"},{\"@type\":\"ListItem\",\"position\":3,\"name\":\"Camiseta Basquet Lakers\"}]},{\"@type\":\"WebSite\",\"@id\":\"https:\\\/\\\/bearfit.com.ar\\\/web\\\/#website\",\"url\":\"https:\\\/\\\/bearfit.com.ar\\\/web\\\/\",\"name\":\"Indumentaria Deportiva\",\"description\":\"Indumentaria Deportiva\",\"publisher\":{\"@id\":\"https:\\\/\\\/bearfit.com.ar\\\/web\\\/#organization\"},\"potentialAction\":[{\"@type\":\"SearchAction\",\"target\":{\"@type\":\"EntryPoint\",\"urlTemplate\":\"https:\\\/\\\/bearfit.com.ar\\\/web\\\/?s={search_term_string}\"},\"query-input\":{\"@type\":\"PropertyValueSpecification\",\"valueRequired\":true,\"valueName\":\"search_term_string\"}}],\"inLanguage\":\"es\"},{\"@type\":\"Organization\",\"@id\":\"https:\\\/\\\/bearfit.com.ar\\\/web\\\/#organization\",\"name\":\"Bearfit\",\"url\":\"https:\\\/\\\/bearfit.com.ar\\\/web\\\/\",\"logo\":{\"@type\":\"ImageObject\",\"inLanguage\":\"es\",\"@id\":\"https:\\\/\\\/bearfit.com.ar\\\/web\\\/#\\\/schema\\\/logo\\\/image\\\/\",\"url\":\"https:\\\/\\\/bearfit.com.ar\\\/web\\\/wp-content\\\/uploads\\\/2025\\\/12\\\/cropped-logo-1.webp\",\"contentUrl\":\"https:\\\/\\\/bearfit.com.ar\\\/web\\\/wp-content\\\/uploads\\\/2025\\\/12\\\/cropped-logo-1.webp\",\"width\":1299,\"height\":161,\"caption\":\"Bearfit\"},\"image\":{\"@id\":\"https:\\\/\\\/bearfit.com.ar\\\/web\\\/#\\\/schema\\\/logo\\\/image\\\/\"},\"sameAs\":[\"https:\\\/\\\/www.facebook.com\\\/bearfit.oficial\",\"https:\\\/\\\/www.instagram.com\\\/_bearfit\\\/\"]}]}<\/script>\n<!-- \/ Yoast SEO plugin. -->","yoast_head_json":{"title":"Camiseta Basquet Lakers -","robots":{"index":"index","follow":"follow","max-snippet":"max-snippet:-1","max-image-preview":"max-image-preview:large","max-video-preview":"max-video-preview:-1"},"canonical":"https:\/\/bearfit.com.ar\/web\/producto\/camiseta-basquet-lakers-2\/","og_locale":"es_ES","og_type":"article","og_title":"Camiseta Basquet Lakers -","og_description":"Descripci\u00f3n:  Camiseta de b\u00e1squet confeccionada en tela DryFit profesional, la misma calidad utilizada por equipos de primera l\u00ednea. Su tejido t\u00e9cnico ofrece m\u00e1xima frescura, resistencia y comodidad, permitiendo un flujo de aire constante y un secado r\u00e1pido incluso en los entrenamientos m\u00e1s intensos o partidos prolongados.  Inspiradas en el estilo y la est\u00e9tica de la NBA, estas camisetas combinan dise\u00f1o deportivo moderno con la funcionalidad que necesita un atleta real: ligereza, movilidad total y durabilidad garantizada.  \u2e3b  Caracter\u00edsticas: \u2022Tela DryFit profesional: ultra liviana, respirable y resistente al desgaste. \u2022Secado r\u00e1pido para mantenerte fresco durante todo el juego. \u2022Corte deportivo que permite movilidad completa. \u2022Dise\u00f1os inspirados en la est\u00e9tica NBA. \u2022Ideal para b\u00e1squet, entrenamientos de alto rendimiento o uso urbano deportivo.  \u2e3b  \u00bfPor qu\u00e9 elegirla? \u2714\ufe0f Misma calidad de juego que usan equipos profesionales. \u2714\ufe0f Frescura y confort en cada movimiento. \u2714\ufe0f Dise\u00f1os modernos inspirados en la NBA. \u2714\ufe0f Tela resistente y pensada para alto rendimiento. \u2714\ufe0f Perfecta para la cancha, el gym o un look deportivo urbano.","og_url":"https:\/\/bearfit.com.ar\/web\/producto\/camiseta-basquet-lakers-2\/","article_publisher":"https:\/\/www.facebook.com\/bearfit.oficial","article_modified_time":"2026-04-15T01:38:50+00:00","og_image":[{"width":1024,"height":1024,"url":"https:\/\/bearfit.com.ar\/web\/wp-content\/uploads\/2026\/02\/Gemini_Generated_Image_i9hkvji9hkvji9hk.png","type":"image\/png"}],"twitter_card":"summary_large_image","twitter_misc":{"Tiempo de lectura":"1 minuto"},"schema":{"@context":"https:\/\/schema.org","@graph":[{"@type":"WebPage","@id":"https:\/\/bearfit.com.ar\/web\/producto\/camiseta-basquet-lakers-2\/","url":"https:\/\/bearfit.com.ar\/web\/producto\/camiseta-basquet-lakers-2\/","name":"Camiseta Basquet Lakers -","isPartOf":{"@id":"https:\/\/bearfit.com.ar\/web\/#website"},"primaryImageOfPage":{"@id":"https:\/\/bearfit.com.ar\/web\/producto\/camiseta-basquet-lakers-2\/#primaryimage"},"image":{"@id":"https:\/\/bearfit.com.ar\/web\/producto\/camiseta-basquet-lakers-2\/#primaryimage"},"thumbnailUrl":"https:\/\/bearfit.com.ar\/web\/wp-content\/uploads\/2026\/02\/Gemini_Generated_Image_i9hkvji9hkvji9hk.png","datePublished":"2026-02-10T17:37:35+00:00","dateModified":"2026-04-15T01:38:50+00:00","breadcrumb":{"@id":"https:\/\/bearfit.com.ar\/web\/producto\/camiseta-basquet-lakers-2\/#breadcrumb"},"inLanguage":"es","potentialAction":[{"@type":"ReadAction","target":["https:\/\/bearfit.com.ar\/web\/producto\/camiseta-basquet-lakers-2\/"]}]},{"@type":"ImageObject","inLanguage":"es","@id":"https:\/\/bearfit.com.ar\/web\/producto\/camiseta-basquet-lakers-2\/#primaryimage","url":"https:\/\/bearfit.com.ar\/web\/wp-content\/uploads\/2026\/02\/Gemini_Generated_Image_i9hkvji9hkvji9hk.png","contentUrl":"https:\/\/bearfit.com.ar\/web\/wp-content\/uploads\/2026\/02\/Gemini_Generated_Image_i9hkvji9hkvji9hk.png","width":1024,"height":1024},{"@type":"BreadcrumbList","@id":"https:\/\/bearfit.com.ar\/web\/producto\/camiseta-basquet-lakers-2\/#breadcrumb","itemListElement":[{"@type":"ListItem","position":1,"name":"Portada","item":"https:\/\/bearfit.com.ar\/web\/"},{"@type":"ListItem","position":2,"name":"Tienda","item":"https:\/\/bearfit.com.ar\/web\/tienda\/"},{"@type":"ListItem","position":3,"name":"Camiseta Basquet Lakers"}]},{"@type":"WebSite","@id":"https:\/\/bearfit.com.ar\/web\/#website","url":"https:\/\/bearfit.com.ar\/web\/","name":"Indumentaria Deportiva","description":"Indumentaria Deportiva","publisher":{"@id":"https:\/\/bearfit.com.ar\/web\/#organization"},"potentialAction":[{"@type":"SearchAction","target":{"@type":"EntryPoint","urlTemplate":"https:\/\/bearfit.com.ar\/web\/?s={search_term_string}"},"query-input":{"@type":"PropertyValueSpecification","valueRequired":true,"valueName":"search_term_string"}}],"inLanguage":"es"},{"@type":"Organization","@id":"https:\/\/bearfit.com.ar\/web\/#organization","name":"Bearfit","url":"https:\/\/bearfit.com.ar\/web\/","logo":{"@type":"ImageObject","inLanguage":"es","@id":"https:\/\/bearfit.com.ar\/web\/#\/schema\/logo\/image\/","url":"https:\/\/bearfit.com.ar\/web\/wp-content\/uploads\/2025\/12\/cropped-logo-1.webp","contentUrl":"https:\/\/bearfit.com.ar\/web\/wp-content\/uploads\/2025\/12\/cropped-logo-1.webp","width":1299,"height":161,"caption":"Bearfit"},"image":{"@id":"https:\/\/bearfit.com.ar\/web\/#\/schema\/logo\/image\/"},"sameAs":["https:\/\/www.facebook.com\/bearfit.oficial","https:\/\/www.instagram.com\/_bearfit\/"]}]}},"_links":{"self":[{"href":"https:\/\/bearfit.com.ar\/web\/wp-json\/wp\/v2\/product\/2418","targetHints":{"allow":["GET"]}}],"collection":[{"href":"https:\/\/bearfit.com.ar\/web\/wp-json\/wp\/v2\/product"}],"about":[{"href":"https:\/\/bearfit.com.ar\/web\/wp-json\/wp\/v2\/types\/product"}],"replies":[{"embeddable":true,"href":"https:\/\/bearfit.com.ar\/web\/wp-json\/wp\/v2\/comments?post=2418"}],"wp:featuredmedia":[{"embeddable":true,"href":"https:\/\/bearfit.com.ar\/web\/wp-json\/wp\/v2\/media\/2424"}],"wp:attachment":[{"href":"https:\/\/bearfit.com.ar\/web\/wp-json\/wp\/v2\/media?parent=2418"}],"wp:term":[{"taxonomy":"product_brand","embeddable":true,"href":"https:\/\/bearfit.com.ar\/web\/wp-json\/wp\/v2\/product_brand?post=2418"},{"taxonomy":"product_cat","embeddable":true,"href":"https:\/\/bearfit.com.ar\/web\/wp-json\/wp\/v2\/product_cat?post=2418"},{"taxonomy":"product_tag","embeddable":true,"href":"https:\/\/bearfit.com.ar\/web\/wp-json\/wp\/v2\/product_tag?post=2418"}],"curies":[{"name":"wp","href":"https:\/\/api.w.org\/{rel}","templated":true}]}}